{"id":427,"date":"2022-08-16T01:10:56","date_gmt":"2022-08-15T23:10:56","guid":{"rendered":"https:\/\/durabo.eu\/?post_type=product&#038;p=427"},"modified":"2024-04-15T13:49:46","modified_gmt":"2024-04-15T11:49:46","slug":"spodnie-taktyczne-meskie-edc-x","status":"publish","type":"product","link":"https:\/\/test.durabo.eu\/en\/produkt\/spodnie-taktyczne-meskie-edc-x\/","title":{"rendered":"Spodnie taktyczne m\u0119skie &#8211; EDC X"},"content":{"rendered":"<p>[et_pb_section fb_built=&#8221;1&#8243; _builder_version=&#8221;4.16&#8243; custom_padding=&#8221;0px||||false|false&#8221; da_disable_devices=&#8221;off|off|off&#8221; collapsed=&#8221;on&#8221; global_colors_info=&#8221;{}&#8221; da_is_popup=&#8221;off&#8221; da_exit_intent=&#8221;off&#8221; da_has_close=&#8221;on&#8221; da_alt_close=&#8221;off&#8221; da_dark_close=&#8221;off&#8221; da_not_modal=&#8221;on&#8221; da_is_singular=&#8221;off&#8221; da_with_loader=&#8221;off&#8221; da_has_shadow=&#8221;on&#8221;][et_pb_row _builder_version=&#8221;4.16&#8243; background_size=&#8221;initial&#8221; background_position=&#8221;top_left&#8221; background_repeat=&#8221;repeat&#8221; width=&#8221;100%&#8221; custom_padding=&#8221;0px||0px||false|false&#8221; global_colors_info=&#8221;{}&#8221;][et_pb_column type=&#8221;4_4&#8243; _builder_version=&#8221;4.16&#8243; custom_padding=&#8221;|||&#8221; global_colors_info=&#8221;{}&#8221; custom_padding__hover=&#8221;|||&#8221;][et_pb_wc_breadcrumb _builder_version=&#8221;4.16&#8243; global_colors_info=&#8221;{}&#8221;][\/et_pb_wc_breadcrumb][et_pb_wc_cart_notice _builder_version=&#8221;4.16&#8243; global_colors_info=&#8221;{}&#8221;][\/et_pb_wc_cart_notice][\/et_pb_column][\/et_pb_row][et_pb_row column_structure=&#8221;1_2,1_2&#8243; _builder_version=&#8221;4.16&#8243; background_size=&#8221;initial&#8221; background_position=&#8221;top_left&#8221; background_repeat=&#8221;repeat&#8221; width=&#8221;100%&#8221; custom_padding=&#8221;0px||||false|false&#8221; global_colors_info=&#8221;{}&#8221;][et_pb_column type=&#8221;1_2&#8243; _builder_version=&#8221;4.16&#8243; custom_padding=&#8221;|||&#8221; global_colors_info=&#8221;{}&#8221; custom_padding__hover=&#8221;|||&#8221;][et_pb_wc_images _builder_version=&#8221;4.16&#8243; global_colors_info=&#8221;{}&#8221;][\/et_pb_wc_images][\/et_pb_column][et_pb_column type=&#8221;1_2&#8243; _builder_version=&#8221;4.16&#8243; custom_padding=&#8221;|||&#8221; global_colors_info=&#8221;{}&#8221; custom_padding__hover=&#8221;|||&#8221;][et_pb_wc_title _builder_version=&#8221;4.16&#8243; global_colors_info=&#8221;{}&#8221;][\/et_pb_wc_title][et_pb_wc_rating _builder_version=&#8221;4.16&#8243; global_colors_info=&#8221;{}&#8221;][\/et_pb_wc_rating][et_pb_wc_price _builder_version=&#8221;4.16&#8243; global_colors_info=&#8221;{}&#8221;][\/et_pb_wc_price][et_pb_wc_description _builder_version=&#8221;4.16&#8243; global_colors_info=&#8221;{}&#8221;][\/et_pb_wc_description][et_pb_wc_add_to_cart _builder_version=&#8221;4.16&#8243; global_colors_info=&#8221;{}&#8221;][\/et_pb_wc_add_to_cart][et_pb_wc_meta _builder_version=&#8221;4.16&#8243; global_colors_info=&#8221;{}&#8221;][\/et_pb_wc_meta][\/et_pb_column][\/et_pb_row][et_pb_row _builder_version=&#8221;4.16&#8243; background_size=&#8221;initial&#8221; background_position=&#8221;top_left&#8221; background_repeat=&#8221;repeat&#8221; width=&#8221;100%&#8221; global_colors_info=&#8221;{}&#8221;][et_pb_column type=&#8221;4_4&#8243; _builder_version=&#8221;4.16&#8243; custom_padding=&#8221;|||&#8221; global_colors_info=&#8221;{}&#8221; custom_padding__hover=&#8221;|||&#8221;][et_pb_wc_tabs _builder_version=&#8221;4.16&#8243; global_colors_info=&#8221;{}&#8221;]\t\t\t\t\t[\/et_pb_wc_tabs][et_pb_wc_upsells _builder_version=&#8221;4.16&#8243; global_colors_info=&#8221;{}&#8221;][\/et_pb_wc_upsells][et_pb_wc_related_products _builder_version=&#8221;4.16&#8243; global_colors_info=&#8221;{}&#8221;][\/et_pb_wc_related_products][\/et_pb_column][\/et_pb_row][\/et_pb_section]<\/p>\n","protected":false},"excerpt":{"rendered":"","protected":false},"featured_media":11828,"template":"","meta":{"_et_pb_use_builder":"on","_et_pb_old_content":"<h2><strong>Spodnie taktyczne m\u0119skie EDC X \u2014 <\/strong><span style=\"font-weight: 400\">doskona\u0142o\u015b\u0107 w codziennym noszeniu<\/span><\/h2>\r\n<span style=\"font-weight: 400\">Telefon, klucze, portfel, dokumenty, multitool, d\u0142ugopis, latarka, kompas, chusteczki, zapalniczka \u2014 te przedmioty codziennego u\u017cytku mog\u0105 by\u0107 niezast\u0105pione podczas treningu taktycznego lub pieszych w\u0119dr\u00f3wek. Ale gdzie je przechowa\u0107 w spos\u00f3b funkcjonalny i bezpieczny? Odpowied\u017a jest prosta \u2014 <\/span><strong>Spodnie taktyczne m\u0119skie EDC X<\/strong><span style=\"font-weight: 400\">, kt\u00f3re powsta\u0142y w\u0142a\u015bnie z my\u015bl\u0105 o wygodnym przenoszeniu Twoich codziennych akcesori\u00f3w.\u00a0<\/span>\r\n\r\n[embed]https:\/\/www.youtube.com\/watch?v=4Jk4MQuXpgs[\/embed]\r\n\r\n<span style=\"font-weight: 400\">Je\u015bli szukasz spodni, kt\u00f3re wytrzymaj\u0105 najbardziej wymagaj\u0105ce warunki, to EDC X s\u0105 idealnym wyborem. Stworzone z tkaniny NYCO Cordura\u00ae, po\u0142\u0105czonej z wytrzyma\u0142ymi ni\u0107mi COATS, zapewniaj\u0105 nie tylko niezr\u00f3wnan\u0105 trwa\u0142o\u015b\u0107 (RIPSTOP), ale tak\u017ce niezawodno\u015b\u0107 w ekstremalnych sytuacjach. Bez wzgl\u0119du na to, czy to intensywny trening, ASG (Air Soft Gun), czy ekstremalna aktywno\u015b\u0107 na \u015bwie\u017cym powietrzu, spodnie<\/span><strong> EDC X <\/strong><span style=\"font-weight: 400\">stan\u0105 na wysoko\u015bci zadania. Dzi\u0119ki zastosowaniu materia\u0142u, b\u0119d\u0105cego po\u0142\u0105czeniem Cordury\u00ae (Poliamidu 6.6) i wysokiej jako\u015bci bawe\u0142ny, zapewnia on maksymaln\u0105 wytrzyma\u0142o\u015b\u0107 bez wzgl\u0119du na warunki u\u017cytkowania. Wspomniana tkanina zasadnicza zapewnia do 5 razy wi\u0119ksz\u0105 wytrzyma\u0142o\u015b\u0107 na naturalne zu\u017cycie (\u015bcieranie) wzgl\u0119dem podobnych produkt\u00f3w dost\u0119pnych na rynku. Nasza definicja komfortu to nie tylko przyjemna w dotyku tkanina, to r\u00f3wnie\u017c anatomiczny kr\u00f3j, kt\u00f3ry dopasowuje si\u0119 do cia\u0142a podczas aktywno\u015bci fizycznej. Podw\u00f3jna warstwa materia\u0142u na kolanach to gwarancja wytrzyma\u0142o\u015bci w obszarze nara\u017conym na najwi\u0119ksze obci\u0105\u017cenia. Szczeg\u00f3lnie wa\u017cn\u0105 funkcj\u0105 jest specjalny otw\u00f3r w okolicy kolan, kt\u00f3ry umo\u017cliwia w\u0142o\u017cenie wielu popularnych modeli wk\u0142adek mi\u0119kkich. Zwi\u0119kszy to nie tylko komfort przy kl\u0119kaniu, ale tak\u017ce chroni Twoje kolana w trudniejszych warunkach terenowych. Podobnie zrobili\u015bmy ze szlufkami. Ich szeroko\u015b\u0107 dostosowali\u015bmy do wi\u0119kszo\u015bci pas\u00f3w dost\u0119pnych w sklepach, ale dodatkowo ka\u017cd\u0105 z nich, wzmocnili\u015bmy szwem ryglowym po to, aby nawet najbardziej obci\u0105\u017cony pas nie by\u0142 k\u0142opotem. Dwie szlufki zosta\u0142y wyd\u0142u\u017cone pod tak zwany karabi\u0144czyk, w celu doczepienia podr\u0119cznej kurtki czy innych potrzebnych w podr\u00f3\u017cy przedmiot\u00f3w. <\/span>\r\n\r\n<img class=\"aligncenter wp-image-9844 size-full\" src=\"https:\/\/durabo.eu\/wp-content\/uploads\/2022\/08\/EDC-X-2.jpg\" alt=\"Spodnie taktyczne m\u0119skie\" width=\"875\" height=\"584\" \/>\r\n\r\n<span style=\"font-weight: 400\">Funkcjonalno\u015b\u0107 naszych <\/span><strong>spodni taktycznych EDC X<\/strong><span style=\"font-weight: 400\"> ukryta jest w ka\u017cdym detalu.<\/span> <span style=\"font-weight: 400\">\r\n<\/span><span style=\"font-weight: 400\">A\u017c 12 kieszeni, tak rozmieszczonych, aby\u015b z \u0142atwo\u015bci\u0105 przechowywa\u0142 i w razie potrzeby szybko wyci\u0105ga\u0142 swoje przedmioty. Zaraz pod klasycznymi kieszeniami umie\u015bcili\u015bmy dyskretne kieszenie zapinane na zamki YKK\u00ae, na portfel, dokumenty, klucze lub got\u00f3wk\u0119. Wszystko po to, aby\u015b m\u00f3g\u0142 wygodnie i bezpiecznie przechowywa\u0107 najcenniejsze, podr\u0119czne przedmioty bez obawy, \u017ce zostaniesz okradziony lub po prostu je zgubisz. Dodatkowo, spodnie wyposa\u017cyli\u015bmy w kieszenie cargo zapinane na kryte zamki YKK\u00ae z mieszkiem dostosowuj\u0105cym si\u0119 do zawarto\u015bci, kt\u00f3re pomieszcz\u0105 mapnik, ma\u0142\u0105 butelk\u0119 wody, czy podr\u0119czne magazynki do broni potrzebne na strzelnicy. Obok kieszeni cargo umie\u015bcili\u015bmy otwarte kieszenie na smartfon, o przek\u0105tnej ekranu nawet do 7 cali, lub podr\u0119czny magazynek do ARa. Zaraz nad nimi znajdziecie, dyskretne kieszenie na multitool z klipsem chowaj\u0105cym si\u0119 pod patk\u0105 kieszeni cargo. Dzi\u0119ki tej, dedykowanej kieszeni na n\u00f3\u017c, zapomnisz o problemie niszcz\u0105cej si\u0119 kraw\u0119dzi klasycznej kieszeni, a opr\u00f3cz tego klips b\u0119dzie dyskretnie schowany, przez co zminimalizujesz ryzyko przypadkowego jego wyci\u0105gni\u0119cia.\u00a0 Dzi\u0119ki zapi\u0119ciu w pasie na rzep mo\u017cesz dostosowa\u0107 spodnie do swoich preferencji. Ty\u0142 spodni zosta\u0142 podniesiony, aby zapewni\u0107 maksymalny komfort, nawet podczas noszenia pasa z du\u017cym obci\u0105\u017ceniem. Zapewnili\u015bmy r\u00f3wnie\u017c regulacj\u0119 do\u0142u nogawki, aby\u015b m\u00f3g\u0142 dopasowa\u0107 obw\u00f3d nogawki do swojego obuwia.\u00a0<\/span>\r\n\r\n<img class=\"alignright wp-image-9842\" src=\"http:\/\/durabo.eu\/wp-content\/uploads\/2022\/08\/EDC-X-1.jpg\" alt=\"\" width=\"334\" height=\"500\" \/>\r\n\r\n<span style=\"font-weight: 400\">Nasza kolekcja obejmuje r\u00f3\u017cnorodno\u015b\u0107 kolor\u00f3w, w tym Capulet Olive, Coyote Brown, Onyx Black, Wolf Grey oraz ikoniczny <\/span><strong>MultiCam<\/strong><span style=\"font-weight: 400\">\u00ae. Nasze <\/span><strong>spodnie taktyczne MultiCam<\/strong><span style=\"font-weight: 400\">\u00ae to idealny wyb\u00f3r, je\u015bli jeste\u015b entuzjast\u0105 taktyki. <\/span><strong>MultiCam<\/strong><span style=\"font-weight: 400\">\u00ae, nie tylko doskonale maskuje, ale tak\u017ce prezentuje militarny sznyt.\u00a0 <\/span>\r\n\r\n<span style=\"font-weight: 400\">Wybieraj\u0105c <\/span><strong>spodnie taktyczne w kolorze<\/strong> <strong>MultiCam<\/strong><span style=\"font-weight: 400\">\u00ae , mo\u017cesz wprowadzi\u0107 dawk\u0119 \u201ewojskowo\u015bci\u201d do swojego looku, zachowuj\u0105c przy tym oryginalny wygl\u0105d i funkcjonalno\u015b\u0107. Niezale\u017cnie od wyboru koloru, nasza r\u00f3\u017cnorodno\u015b\u0107 rozmiar\u00f3w zapewni, \u017ce ka\u017cdy m\u0119\u017cczyzna znajdzie spodnie idealnie dopasowane do swojej sylwetki, \u0142\u0105cz\u0105c w sobie styl i funkcjonalno\u015b\u0107.\u00a0\u00a0<\/span>\r\n\r\n<span style=\"font-weight: 400\">Podsumowuj\u0105c, nasze s<\/span><strong>podnie taktyczne m\u0119skie EDC X<\/strong><span style=\"font-weight: 400\"> to po\u0142\u0105czenie niezawodnej trwa\u0142o\u015bci, doskona\u0142ego dopasowania i praktyczno\u015bci codziennego u\u017cytkowania. <\/span>\r\n\r\n<span style=\"font-weight: 400\">Zastosowanie najwy\u017cszej jako\u015bci materia\u0142\u00f3w i innowacyjnych rozwi\u0105za\u0144 sprawia, \u017ce te spodnie b\u0119d\u0105 dla Ciebie idealnym partnerem. Wybierz jako\u015b\u0107 na ka\u017cdym kroku!<\/span>","_et_gb_content_width":""},"product_cat":[233,67,37,38,210,236,237],"product_tag":[49],"yoast_head":"<!-- This site is optimized with the Yoast SEO plugin v23.0 - https:\/\/yoast.com\/wordpress\/plugins\/seo\/ -->\n<title>Spodnie taktyczne multicam i nie tylko! - EDC - DURABO<\/title>\n<meta name=\"description\" content=\"Spodnie taktyczne EDC X to pe\u0142na gama kolorystyki z zachowaniem najwi\u0119kszej jako\u015bci i wytrzyma\u0142o\u015bci materia\u0142u. Multicam, Olive i wiele wi\u0119cej. Zapraszamy!\" \/>\n<meta name=\"robots\" content=\"index, follow, max-snippet:-1, max-image-preview:large, max-video-preview:-1\" \/>\n<link rel=\"canonical\" href=\"https:\/\/test.durabo.eu\/en\/produkt\/spodnie-taktyczne-meskie-edc-x\/\" \/>\n<meta property=\"og:locale\" content=\"en_US\" \/>\n<meta property=\"og:type\" content=\"article\" \/>\n<meta property=\"og:title\" content=\"Spodnie taktyczne multicam i nie tylko! - EDC - DURABO\" \/>\n<meta property=\"og:description\" content=\"Spodnie taktyczne EDC X to pe\u0142na gama kolorystyki z zachowaniem najwi\u0119kszej jako\u015bci i wytrzyma\u0142o\u015bci materia\u0142u. Multicam, Olive i wiele wi\u0119cej. Zapraszamy!\" \/>\n<meta property=\"og:url\" content=\"https:\/\/test.durabo.eu\/en\/produkt\/spodnie-taktyczne-meskie-edc-x\/\" \/>\n<meta property=\"og:site_name\" content=\"DURABO\" \/>\n<meta property=\"article:publisher\" content=\"https:\/\/www.facebook.com\/durabopolska\/\" \/>\n<meta property=\"article:modified_time\" content=\"2024-04-15T11:49:46+00:00\" \/>\n<meta property=\"og:image\" content=\"https:\/\/test.durabo.eu\/wp-content\/uploads\/2022\/08\/DURABO-EDC-XM2-scaled.jpg\" \/>\n\t<meta property=\"og:image:width\" content=\"2560\" \/>\n\t<meta property=\"og:image:height\" content=\"2560\" \/>\n\t<meta property=\"og:image:type\" content=\"image\/jpeg\" \/>\n<meta name=\"twitter:card\" content=\"summary_large_image\" \/>\n<meta name=\"twitter:label1\" content=\"Est. reading time\" \/>\n\t<meta name=\"twitter:data1\" content=\"2 minutes\" \/>\n<script type=\"application\/ld+json\" class=\"yoast-schema-graph\">{\"@context\":\"https:\/\/schema.org\",\"@graph\":[{\"@type\":\"WebPage\",\"@id\":\"https:\/\/test.durabo.eu\/en\/produkt\/spodnie-taktyczne-meskie-edc-x\/\",\"url\":\"https:\/\/test.durabo.eu\/en\/produkt\/spodnie-taktyczne-meskie-edc-x\/\",\"name\":\"Spodnie taktyczne multicam i nie tylko! - EDC - DURABO\",\"isPartOf\":{\"@id\":\"https:\/\/test.durabo.eu\/en\/#website\"},\"primaryImageOfPage\":{\"@id\":\"https:\/\/test.durabo.eu\/en\/produkt\/spodnie-taktyczne-meskie-edc-x\/#primaryimage\"},\"image\":{\"@id\":\"https:\/\/test.durabo.eu\/en\/produkt\/spodnie-taktyczne-meskie-edc-x\/#primaryimage\"},\"thumbnailUrl\":\"https:\/\/test.durabo.eu\/wp-content\/uploads\/2022\/08\/DURABO-EDC-XM2-scaled.jpg\",\"datePublished\":\"2022-08-15T23:10:56+00:00\",\"dateModified\":\"2024-04-15T11:49:46+00:00\",\"description\":\"Spodnie taktyczne EDC X to pe\u0142na gama kolorystyki z zachowaniem najwi\u0119kszej jako\u015bci i wytrzyma\u0142o\u015bci materia\u0142u. Multicam, Olive i wiele wi\u0119cej. Zapraszamy!\",\"breadcrumb\":{\"@id\":\"https:\/\/test.durabo.eu\/en\/produkt\/spodnie-taktyczne-meskie-edc-x\/#breadcrumb\"},\"inLanguage\":\"en-US\",\"potentialAction\":[{\"@type\":\"ReadAction\",\"target\":[\"https:\/\/test.durabo.eu\/en\/produkt\/spodnie-taktyczne-meskie-edc-x\/\"]}]},{\"@type\":\"ImageObject\",\"inLanguage\":\"en-US\",\"@id\":\"https:\/\/test.durabo.eu\/en\/produkt\/spodnie-taktyczne-meskie-edc-x\/#primaryimage\",\"url\":\"https:\/\/test.durabo.eu\/wp-content\/uploads\/2022\/08\/DURABO-EDC-XM2-scaled.jpg\",\"contentUrl\":\"https:\/\/test.durabo.eu\/wp-content\/uploads\/2022\/08\/DURABO-EDC-XM2-scaled.jpg\",\"width\":2560,\"height\":2560},{\"@type\":\"BreadcrumbList\",\"@id\":\"https:\/\/test.durabo.eu\/en\/produkt\/spodnie-taktyczne-meskie-edc-x\/#breadcrumb\",\"itemListElement\":[{\"@type\":\"ListItem\",\"position\":1,\"name\":\"Home\",\"item\":\"https:\/\/test.durabo.eu\/en\/\"},{\"@type\":\"ListItem\",\"position\":2,\"name\":\"Shop\",\"item\":\"https:\/\/test.durabo.eu\/sklep\/\"},{\"@type\":\"ListItem\",\"position\":3,\"name\":\"Spodnie taktyczne m\u0119skie &#8211; EDC X\"}]},{\"@type\":\"WebSite\",\"@id\":\"https:\/\/test.durabo.eu\/en\/#website\",\"url\":\"https:\/\/test.durabo.eu\/en\/\",\"name\":\"DURABO\",\"description\":\"Odzie\u017c outdoor i taktyczna\",\"publisher\":{\"@id\":\"https:\/\/test.durabo.eu\/en\/#organization\"},\"potentialAction\":[{\"@type\":\"SearchAction\",\"target\":{\"@type\":\"EntryPoint\",\"urlTemplate\":\"https:\/\/test.durabo.eu\/en\/?s={search_term_string}\"},\"query-input\":\"required name=search_term_string\"}],\"inLanguage\":\"en-US\"},{\"@type\":\"Organization\",\"@id\":\"https:\/\/test.durabo.eu\/en\/#organization\",\"name\":\"DURABO\",\"url\":\"https:\/\/test.durabo.eu\/en\/\",\"logo\":{\"@type\":\"ImageObject\",\"inLanguage\":\"en-US\",\"@id\":\"https:\/\/test.durabo.eu\/en\/#\/schema\/logo\/image\/\",\"url\":\"https:\/\/durabo.eu\/wp-content\/uploads\/2022\/08\/logo-durabo-black.png\",\"contentUrl\":\"https:\/\/durabo.eu\/wp-content\/uploads\/2022\/08\/logo-durabo-black.png\",\"width\":300,\"height\":59,\"caption\":\"DURABO\"},\"image\":{\"@id\":\"https:\/\/test.durabo.eu\/en\/#\/schema\/logo\/image\/\"},\"sameAs\":[\"https:\/\/www.facebook.com\/durabopolska\/\"]}]}<\/script>\n<!-- \/ Yoast SEO plugin. -->","yoast_head_json":{"title":"Spodnie taktyczne multicam i nie tylko! - EDC - DURABO","description":"Spodnie taktyczne EDC X to pe\u0142na gama kolorystyki z zachowaniem najwi\u0119kszej jako\u015bci i wytrzyma\u0142o\u015bci materia\u0142u. Multicam, Olive i wiele wi\u0119cej. Zapraszamy!","robots":{"index":"index","follow":"follow","max-snippet":"max-snippet:-1","max-image-preview":"max-image-preview:large","max-video-preview":"max-video-preview:-1"},"canonical":"https:\/\/test.durabo.eu\/en\/produkt\/spodnie-taktyczne-meskie-edc-x\/","og_locale":"en_US","og_type":"article","og_title":"Spodnie taktyczne multicam i nie tylko! - EDC - DURABO","og_description":"Spodnie taktyczne EDC X to pe\u0142na gama kolorystyki z zachowaniem najwi\u0119kszej jako\u015bci i wytrzyma\u0142o\u015bci materia\u0142u. Multicam, Olive i wiele wi\u0119cej. Zapraszamy!","og_url":"https:\/\/test.durabo.eu\/en\/produkt\/spodnie-taktyczne-meskie-edc-x\/","og_site_name":"DURABO","article_publisher":"https:\/\/www.facebook.com\/durabopolska\/","article_modified_time":"2024-04-15T11:49:46+00:00","og_image":[{"width":2560,"height":2560,"url":"https:\/\/test.durabo.eu\/wp-content\/uploads\/2022\/08\/DURABO-EDC-XM2-scaled.jpg","type":"image\/jpeg"}],"twitter_card":"summary_large_image","twitter_misc":{"Est. reading time":"2 minutes"},"schema":{"@context":"https:\/\/schema.org","@graph":[{"@type":"WebPage","@id":"https:\/\/test.durabo.eu\/en\/produkt\/spodnie-taktyczne-meskie-edc-x\/","url":"https:\/\/test.durabo.eu\/en\/produkt\/spodnie-taktyczne-meskie-edc-x\/","name":"Spodnie taktyczne multicam i nie tylko! - EDC - DURABO","isPartOf":{"@id":"https:\/\/test.durabo.eu\/en\/#website"},"primaryImageOfPage":{"@id":"https:\/\/test.durabo.eu\/en\/produkt\/spodnie-taktyczne-meskie-edc-x\/#primaryimage"},"image":{"@id":"https:\/\/test.durabo.eu\/en\/produkt\/spodnie-taktyczne-meskie-edc-x\/#primaryimage"},"thumbnailUrl":"https:\/\/test.durabo.eu\/wp-content\/uploads\/2022\/08\/DURABO-EDC-XM2-scaled.jpg","datePublished":"2022-08-15T23:10:56+00:00","dateModified":"2024-04-15T11:49:46+00:00","description":"Spodnie taktyczne EDC X to pe\u0142na gama kolorystyki z zachowaniem najwi\u0119kszej jako\u015bci i wytrzyma\u0142o\u015bci materia\u0142u. Multicam, Olive i wiele wi\u0119cej. Zapraszamy!","breadcrumb":{"@id":"https:\/\/test.durabo.eu\/en\/produkt\/spodnie-taktyczne-meskie-edc-x\/#breadcrumb"},"inLanguage":"en-US","potentialAction":[{"@type":"ReadAction","target":["https:\/\/test.durabo.eu\/en\/produkt\/spodnie-taktyczne-meskie-edc-x\/"]}]},{"@type":"ImageObject","inLanguage":"en-US","@id":"https:\/\/test.durabo.eu\/en\/produkt\/spodnie-taktyczne-meskie-edc-x\/#primaryimage","url":"https:\/\/test.durabo.eu\/wp-content\/uploads\/2022\/08\/DURABO-EDC-XM2-scaled.jpg","contentUrl":"https:\/\/test.durabo.eu\/wp-content\/uploads\/2022\/08\/DURABO-EDC-XM2-scaled.jpg","width":2560,"height":2560},{"@type":"BreadcrumbList","@id":"https:\/\/test.durabo.eu\/en\/produkt\/spodnie-taktyczne-meskie-edc-x\/#breadcrumb","itemListElement":[{"@type":"ListItem","position":1,"name":"Home","item":"https:\/\/test.durabo.eu\/en\/"},{"@type":"ListItem","position":2,"name":"Shop","item":"https:\/\/test.durabo.eu\/sklep\/"},{"@type":"ListItem","position":3,"name":"Spodnie taktyczne m\u0119skie &#8211; EDC X"}]},{"@type":"WebSite","@id":"https:\/\/test.durabo.eu\/en\/#website","url":"https:\/\/test.durabo.eu\/en\/","name":"DURABO","description":"Odzie\u017c outdoor i taktyczna","publisher":{"@id":"https:\/\/test.durabo.eu\/en\/#organization"},"potentialAction":[{"@type":"SearchAction","target":{"@type":"EntryPoint","urlTemplate":"https:\/\/test.durabo.eu\/en\/?s={search_term_string}"},"query-input":"required name=search_term_string"}],"inLanguage":"en-US"},{"@type":"Organization","@id":"https:\/\/test.durabo.eu\/en\/#organization","name":"DURABO","url":"https:\/\/test.durabo.eu\/en\/","logo":{"@type":"ImageObject","inLanguage":"en-US","@id":"https:\/\/test.durabo.eu\/en\/#\/schema\/logo\/image\/","url":"https:\/\/durabo.eu\/wp-content\/uploads\/2022\/08\/logo-durabo-black.png","contentUrl":"https:\/\/durabo.eu\/wp-content\/uploads\/2022\/08\/logo-durabo-black.png","width":300,"height":59,"caption":"DURABO"},"image":{"@id":"https:\/\/test.durabo.eu\/en\/#\/schema\/logo\/image\/"},"sameAs":["https:\/\/www.facebook.com\/durabopolska\/"]}]}},"_links":{"self":[{"href":"https:\/\/test.durabo.eu\/en\/wp-json\/wp\/v2\/product\/427"}],"collection":[{"href":"https:\/\/test.durabo.eu\/en\/wp-json\/wp\/v2\/product"}],"about":[{"href":"https:\/\/test.durabo.eu\/en\/wp-json\/wp\/v2\/types\/product"}],"wp:featuredmedia":[{"embeddable":true,"href":"https:\/\/test.durabo.eu\/en\/wp-json\/wp\/v2\/media\/11828"}],"wp:attachment":[{"href":"https:\/\/test.durabo.eu\/en\/wp-json\/wp\/v2\/media?parent=427"}],"wp:term":[{"taxonomy":"product_cat","embeddable":true,"href":"https:\/\/test.durabo.eu\/en\/wp-json\/wp\/v2\/product_cat?post=427"},{"taxonomy":"product_tag","embeddable":true,"href":"https:\/\/test.durabo.eu\/en\/wp-json\/wp\/v2\/product_tag?post=427"}],"curies":[{"name":"wp","href":"https:\/\/api.w.org\/{rel}","templated":true}]}}