{"id":13504,"date":"2024-07-19T11:18:35","date_gmt":"2024-07-19T09:18:35","guid":{"rendered":"https:\/\/test.durabo.eu\/?post_type=product&#038;p=13504"},"modified":"2024-07-26T11:33:46","modified_gmt":"2024-07-26T09:33:46","slug":"koszula-lniana-meska-linen-pure","status":"publish","type":"product","link":"https:\/\/test.durabo.eu\/en\/produkt\/koszula-lniana-meska-linen-pure\/","title":{"rendered":"Koszula lniana m\u0119ska &#8211; LINEN PURE"},"content":{"rendered":"<h2><strong>Koszula lniana m\u0119ska<\/strong><span style=\"font-weight: 400;\"> \u2013 LINEN PURE<br \/>\n<\/span><\/h2>\n<p>&nbsp;<\/p>\n<p><strong>M\u0119ska koszula lniana od DURABO<\/strong> to najlepszy wyb\u00f3r na ciep\u0142e dni. <strong>Koszule Linen Pure<\/strong> uszyli\u015bmy w Polsce z najwy\u017cszej jako\u015bci lnu, kt\u00f3ry wcze\u015bniej zosta\u0142 profesjonalnie przygotowany. Materia\u0142 zosta\u0142 wyprany (stonewashed), zmi\u0119kczony i sparowany (tamblowany). Dobrana przez nas gramatura lnu sprawi\u0142a, \u017ce jest on przyjazny w dotyku, mi\u0119sisty a zarazem delikatny &#8211; a co najwa\u017cniejsze &#8211; nie gniecie si\u0119 tak, jak inne. Wszystko po to, \u017ceby zmaksymalizowa\u0107 komfort noszenia i u\u017cytkowania.<\/p>\n<p>Dzi\u0119ki tym procesom nasze <strong>koszule 100% len<\/strong> dobrze si\u0119 nosz\u0105 zar\u00f3wno na s\u0142u\u017cbie w terenie, jak i w pracy w biurze czy w czasie wypoczynku na \u015bwie\u017cym powietrzu. Niestandardowe &#8211; jak na letni\u0105 koszul\u0119 lnian\u0105 &#8211; kolory gwarantuj\u0105 uniwersalizm zastosowania i mo\u017cliwo\u015b\u0107 efektownego po\u0142\u0105czenia ze spodniami czy szortami w r\u00f3\u017cnych odcieniach. <strong>Koszula LINEN PURE w zielonym kolorze<\/strong> iguana green dobrze wygl\u0105da zw\u0142aszcza ze <a href=\"https:\/\/durabo.eu\/spodnie\/szorty-taktyczne\/\">spodenkami SUPER 65 SHORTS<\/a> a <strong>koszula szara<\/strong> w kolorze stone grey &#8211; ze <a href=\"https:\/\/durabo.eu\/produkt\/spodnie-taktyczne-meskie-edc-x\/\">spodniami taktycznymi EDC X<\/a><\/p>\n<p><img decoding=\"async\" class=\"aligncenter wp-image-9855\" src=\"http:\/\/durabo.eu\/wp-content\/uploads\/2022\/08\/S51-2.jpg\" alt=\"koszula taktyczna w krat\u0119 \" width=\"750\" height=\"500\" \/><\/p>\n<p>Nasze <strong>m\u0119skie koszule z lnu<\/strong> zaprojektowali\u015bmy g\u0142\u00f3wnie z my\u015bl\u0105 o aktywnych m\u0119\u017cczyznach. <strong>Koszula DURABO 100% lnu<\/strong> gwarantuje komfort noszenia &#8211; nawet w czasie najwy\u017cszych temperatur:<\/p>\n<p>1. Koszule s\u0105 przewiewne i daj\u0105 uczucie ch\u0142odu (zw\u0142aszcza w klimacie wilgotnym).<\/p>\n<p>2. Koszule lniane m\u0119skie DURABO nie elektryzuj\u0105 si\u0119 i &#8220;nie gryz\u0105&#8221;, co u\u0142atwia ich noszenie &#8220;solo&#8221;<\/p>\n<p>3. Nasze <strong>nowe koszule DURABO<\/strong> dzi\u0119ki zastosowaniu lnu najwy\u017cszej jako\u015bci niweluj\u0105 przykre zapachy i s\u0105 odporne na dzia\u0142anie grzyb\u00f3w, przez co s\u0105 hipoalergiczne i doskonale sprawdz\u0105 si\u0119 dla os\u00f3b o delikatnej sk\u00f3rze.<\/p>\n<p>4. Koszule LINEN PURE uszyli\u015bmy z tkaniny w pe\u0142ni naturalnej i biodegradowalnej.<\/p>\n<p>Podobnie jak nasze <a href=\"https:\/\/durabo.eu\/spodnie\/spodnie-outdoorowe\/\">spodnie outdoorowe<\/a> czy <a href=\"https:\/\/durabo.eu\/produkt\/koszula-taktyczna-meska-super-51-flanela\/\">flanelowe koszule taktyczne<\/a> &#8211; <strong>koszule LINEN PURE<\/strong> zosta\u0142y przetestowane przez mundurowych podczas r\u00f3\u017cnych czynno\u015bci operacyjnych. Dlatego gwarantujemy, \u017ce nasze koszule s\u0105 odporne na tarcie i rozci\u0105ganie oraz nie zmieni\u0105 kszta\u0142tu nawet po wielu cyklach prania. Wysok\u0105 odporno\u015b\u0107 na zu\u017cycie zapewnia nie tylko len, ale i dodatki najwy\u017cszej jako\u015bci: guzki firmy 2M i zamki od YKK. Trwa\u0142o\u015b\u0107, klasyczny kr\u00f3j i minimalna ilo\u015b\u0107 dodatk\u00f3w gwarantuj\u0105, \u017ce produkt jest ponadczasowy a wr\u0119cz &#8220;zyskuje z wiekiem&#8221;.<\/p>\n<p><strong>Koszule lniane<\/strong> w naszym wydaniu s\u0105 wyj\u0105tkowo funkcjonalne i sprawdz\u0105 si\u0119 zar\u00f3wno w czasie r\u00f3\u017cnych aktywno\u015bci. S\u0105 dobre do strzelania sportowego, dynamicznie zmieniaj\u0105cej si\u0119 pogody w g\u00f3rach czy spokojnego spaceru po pla\u017cy. Koszula lniana DURABO mo\u017ce by\u0107 u\u017cywana jako <strong>koszula taktyczna<\/strong>, <strong>koszula w g\u00f3ry<\/strong>,<strong> koszula trekkingowa<\/strong>, <strong>koszula outdoorowa<\/strong>, <strong>koszula turystyczna<\/strong> czy <strong>koszula podr\u00f3\u017cnicza<\/strong>. Kr\u00f3j, materia\u0142 i dodatki sprawiaj\u0105, \u017ce ilo\u015b\u0107 zastosowa\u0144 jest nieograniczona. Ka\u017cdy element w naszej <strong>koszuli z lnu<\/strong> jest &#8220;po co\u015b&#8221;:<\/p>\n<p>&#8211; dwie du\u017ce, zapinane na kryty zamek kieszenie z doj\u015bciem od boku gwarantuj\u0105 bezpieczne przechowywanie najpotrzebniejszych rzeczy, gdy jeste\u015b w ruchu (telefon, klucze, karty, itp.)<\/p>\n<p>&#8211; uchwyt na okulary lub karabi\u0144czyk zwi\u0119ksza ilo\u015b\u0107 opcji na przechowywanie<\/p>\n<p>&#8211; usztywnienie mankiet\u00f3w, ko\u0142nierzyka i przedniej plisy utrudnia ich rolowanie i gniecenie<\/p>\n<p>&#8211; elastyczne guziki typu kanadyjskiego dopasowuj\u0105 si\u0119 do &#8220;pracy&#8221; lnu i zwi\u0119kszaj\u0105 komfort noszenia<\/p>\n<p>&#8211; mocowanie guzik\u00f3w na ta\u015bmie zapobiega ich odrywaniu i gubieniu<\/p>\n<p>&#8211; otwory wentylacyjne na karczku zwi\u0119kszaj\u0105 przepuszczalno\u015b\u0107 powietrza<\/p>\n<p>&#8211; zaszewki na plecach taliuj\u0105 sylwetk\u0119<\/p>\n<p>&#8211; konstrukcja r\u0119kaw\u00f3w z rozporkami umo\u017cliwia ich podwini\u0119cie bez konieczno\u015bci stosowania dodatkowego zapi\u0119cia<\/p>\n<p>&#8211; d\u0142ugie r\u0119kawy zapewniaj\u0105 ochron\u0119 przed wiatrem i otarciami np. podczas aktywno\u015bci w g\u00f3rach<\/p>\n<p>&#8211; klasyczna forma ko\u0142nierza i d\u0142ugie r\u0119kawy umo\u017cliwiaj\u0105 zastosowanie koszuli r\u00f3wnie\u017c w bardziej formalnych stylizacjach<\/p>\n<p>&#8211; wybrane przez nas kolory u\u0142atwiaj\u0105 dopasowanie do koszuli &#8220;do\u0142u&#8221;<\/p>\n<p>&#8211; Iguana Green to ziele\u0144 idealnie pasuj\u0105ca do lasu, ogrodu i natury a szaro\u015b\u0107 Stone Grey doskonale wpisuje si\u0119 w klimat miasta, ska\u0142, sport\u00f3w wodnych i motorowych<\/p>\n<p>SPRAWD\u0179 t\u0119 jako\u015b\u0107 na sobie!<\/p>\n<p>EDYCJA LIMITOWA \u2013 tylko na lato\/jesie\u0144 2024!<\/p>\n<p><img decoding=\"async\" class=\"aligncenter wp-image-9853\" src=\"http:\/\/durabo.eu\/wp-content\/uploads\/2022\/08\/S51-1.jpg\" alt=\"taktyczna koszula flanelowa \" width=\"750\" height=\"500\" \/><\/p>\n","protected":false},"excerpt":{"rendered":"<p>Koszula lniana m\u0119ska \u2013 LINEN PURE &nbsp; M\u0119ska koszula lniana od DURABO to najlepszy wyb\u00f3r na ciep\u0142e dni. Koszule Linen Pure uszyli\u015bmy w Polsce z najwy\u017cszej jako\u015bci lnu, kt\u00f3ry wcze\u015bniej zosta\u0142 profesjonalnie przygotowany. Materia\u0142 zosta\u0142 wyprany (stonewashed), zmi\u0119kczony i sparowany (tamblowany). Dobrana przez nas gramatura lnu sprawi\u0142a, \u017ce jest on przyjazny w dotyku, mi\u0119sisty a [&hellip;]<\/p>\n","protected":false},"featured_media":0,"template":"","meta":{"_et_pb_use_builder":"","_et_pb_old_content":"","_et_gb_content_width":""},"product_cat":[158,286,127,282,240,131,239,166],"product_tag":[],"yoast_head":"<!-- This site is optimized with the Yoast SEO plugin v23.0 - https:\/\/yoast.com\/wordpress\/plugins\/seo\/ -->\n<title>Koszula lniana m\u0119ska - LINEN PURE - DURABO<\/title>\n<meta name=\"description\" content=\"Dost\u0119pna tylko w sezonie lato 2024 lniana koszula m\u0119ska 100% len! Naturalna, przewiewna i wytrzyma\u0142a koszula outdoor. Idealna letnia koszula m\u0119ska na upa\u0142.\" \/>\n<meta name=\"robots\" content=\"index, follow, max-snippet:-1, max-image-preview:large, max-video-preview:-1\" \/>\n<link rel=\"canonical\" href=\"https:\/\/test.durabo.eu\/en\/produkt\/koszula-lniana-meska-linen-pure\/\" \/>\n<meta property=\"og:locale\" content=\"en_US\" \/>\n<meta property=\"og:type\" content=\"article\" \/>\n<meta property=\"og:title\" content=\"Koszula lniana m\u0119ska - LINEN PURE - DURABO\" \/>\n<meta property=\"og:description\" content=\"Dost\u0119pna tylko w sezonie lato 2024 lniana koszula m\u0119ska 100% len! Naturalna, przewiewna i wytrzyma\u0142a koszula outdoor. Idealna letnia koszula m\u0119ska na upa\u0142.\" \/>\n<meta property=\"og:url\" content=\"https:\/\/test.durabo.eu\/en\/produkt\/koszula-lniana-meska-linen-pure\/\" \/>\n<meta property=\"og:site_name\" content=\"DURABO\" \/>\n<meta property=\"article:publisher\" content=\"https:\/\/www.facebook.com\/durabopolska\/\" \/>\n<meta property=\"article:modified_time\" content=\"2024-07-26T09:33:46+00:00\" \/>\n<meta property=\"og:image\" content=\"http:\/\/durabo.eu\/wp-content\/uploads\/2022\/08\/S51-2.jpg\" \/>\n<meta name=\"twitter:card\" content=\"summary_large_image\" \/>\n<meta name=\"twitter:label1\" content=\"Est. reading time\" \/>\n\t<meta name=\"twitter:data1\" content=\"4 minutes\" \/>\n<script type=\"application\/ld+json\" class=\"yoast-schema-graph\">{\"@context\":\"https:\/\/schema.org\",\"@graph\":[{\"@type\":\"WebPage\",\"@id\":\"https:\/\/test.durabo.eu\/en\/produkt\/koszula-lniana-meska-linen-pure\/\",\"url\":\"https:\/\/test.durabo.eu\/en\/produkt\/koszula-lniana-meska-linen-pure\/\",\"name\":\"Koszula lniana m\u0119ska - LINEN PURE - DURABO\",\"isPartOf\":{\"@id\":\"https:\/\/test.durabo.eu\/en\/#website\"},\"primaryImageOfPage\":{\"@id\":\"https:\/\/test.durabo.eu\/en\/produkt\/koszula-lniana-meska-linen-pure\/#primaryimage\"},\"image\":{\"@id\":\"https:\/\/test.durabo.eu\/en\/produkt\/koszula-lniana-meska-linen-pure\/#primaryimage\"},\"thumbnailUrl\":\"http:\/\/durabo.eu\/wp-content\/uploads\/2022\/08\/S51-2.jpg\",\"datePublished\":\"2024-07-19T09:18:35+00:00\",\"dateModified\":\"2024-07-26T09:33:46+00:00\",\"description\":\"Dost\u0119pna tylko w sezonie lato 2024 lniana koszula m\u0119ska 100% len! Naturalna, przewiewna i wytrzyma\u0142a koszula outdoor. Idealna letnia koszula m\u0119ska na upa\u0142.\",\"breadcrumb\":{\"@id\":\"https:\/\/test.durabo.eu\/en\/produkt\/koszula-lniana-meska-linen-pure\/#breadcrumb\"},\"inLanguage\":\"en-US\",\"potentialAction\":[{\"@type\":\"ReadAction\",\"target\":[\"https:\/\/test.durabo.eu\/en\/produkt\/koszula-lniana-meska-linen-pure\/\"]}]},{\"@type\":\"ImageObject\",\"inLanguage\":\"en-US\",\"@id\":\"https:\/\/test.durabo.eu\/en\/produkt\/koszula-lniana-meska-linen-pure\/#primaryimage\",\"url\":\"http:\/\/durabo.eu\/wp-content\/uploads\/2022\/08\/S51-2.jpg\",\"contentUrl\":\"http:\/\/durabo.eu\/wp-content\/uploads\/2022\/08\/S51-2.jpg\"},{\"@type\":\"BreadcrumbList\",\"@id\":\"https:\/\/test.durabo.eu\/en\/produkt\/koszula-lniana-meska-linen-pure\/#breadcrumb\",\"itemListElement\":[{\"@type\":\"ListItem\",\"position\":1,\"name\":\"Home\",\"item\":\"https:\/\/test.durabo.eu\/en\/\"},{\"@type\":\"ListItem\",\"position\":2,\"name\":\"Shop\",\"item\":\"https:\/\/test.durabo.eu\/sklep\/\"},{\"@type\":\"ListItem\",\"position\":3,\"name\":\"Koszula lniana m\u0119ska &#8211; LINEN PURE\"}]},{\"@type\":\"WebSite\",\"@id\":\"https:\/\/test.durabo.eu\/en\/#website\",\"url\":\"https:\/\/test.durabo.eu\/en\/\",\"name\":\"DURABO\",\"description\":\"Odzie\u017c outdoor i taktyczna\",\"publisher\":{\"@id\":\"https:\/\/test.durabo.eu\/en\/#organization\"},\"potentialAction\":[{\"@type\":\"SearchAction\",\"target\":{\"@type\":\"EntryPoint\",\"urlTemplate\":\"https:\/\/test.durabo.eu\/en\/?s={search_term_string}\"},\"query-input\":\"required name=search_term_string\"}],\"inLanguage\":\"en-US\"},{\"@type\":\"Organization\",\"@id\":\"https:\/\/test.durabo.eu\/en\/#organization\",\"name\":\"DURABO\",\"url\":\"https:\/\/test.durabo.eu\/en\/\",\"logo\":{\"@type\":\"ImageObject\",\"inLanguage\":\"en-US\",\"@id\":\"https:\/\/test.durabo.eu\/en\/#\/schema\/logo\/image\/\",\"url\":\"https:\/\/durabo.eu\/wp-content\/uploads\/2022\/08\/logo-durabo-black.png\",\"contentUrl\":\"https:\/\/durabo.eu\/wp-content\/uploads\/2022\/08\/logo-durabo-black.png\",\"width\":300,\"height\":59,\"caption\":\"DURABO\"},\"image\":{\"@id\":\"https:\/\/test.durabo.eu\/en\/#\/schema\/logo\/image\/\"},\"sameAs\":[\"https:\/\/www.facebook.com\/durabopolska\/\"]}]}<\/script>\n<!-- \/ Yoast SEO plugin. -->","yoast_head_json":{"title":"Koszula lniana m\u0119ska - LINEN PURE - DURABO","description":"Dost\u0119pna tylko w sezonie lato 2024 lniana koszula m\u0119ska 100% len! Naturalna, przewiewna i wytrzyma\u0142a koszula outdoor. Idealna letnia koszula m\u0119ska na upa\u0142.","robots":{"index":"index","follow":"follow","max-snippet":"max-snippet:-1","max-image-preview":"max-image-preview:large","max-video-preview":"max-video-preview:-1"},"canonical":"https:\/\/test.durabo.eu\/en\/produkt\/koszula-lniana-meska-linen-pure\/","og_locale":"en_US","og_type":"article","og_title":"Koszula lniana m\u0119ska - LINEN PURE - DURABO","og_description":"Dost\u0119pna tylko w sezonie lato 2024 lniana koszula m\u0119ska 100% len! Naturalna, przewiewna i wytrzyma\u0142a koszula outdoor. Idealna letnia koszula m\u0119ska na upa\u0142.","og_url":"https:\/\/test.durabo.eu\/en\/produkt\/koszula-lniana-meska-linen-pure\/","og_site_name":"DURABO","article_publisher":"https:\/\/www.facebook.com\/durabopolska\/","article_modified_time":"2024-07-26T09:33:46+00:00","og_image":[{"url":"http:\/\/durabo.eu\/wp-content\/uploads\/2022\/08\/S51-2.jpg"}],"twitter_card":"summary_large_image","twitter_misc":{"Est. reading time":"4 minutes"},"schema":{"@context":"https:\/\/schema.org","@graph":[{"@type":"WebPage","@id":"https:\/\/test.durabo.eu\/en\/produkt\/koszula-lniana-meska-linen-pure\/","url":"https:\/\/test.durabo.eu\/en\/produkt\/koszula-lniana-meska-linen-pure\/","name":"Koszula lniana m\u0119ska - LINEN PURE - DURABO","isPartOf":{"@id":"https:\/\/test.durabo.eu\/en\/#website"},"primaryImageOfPage":{"@id":"https:\/\/test.durabo.eu\/en\/produkt\/koszula-lniana-meska-linen-pure\/#primaryimage"},"image":{"@id":"https:\/\/test.durabo.eu\/en\/produkt\/koszula-lniana-meska-linen-pure\/#primaryimage"},"thumbnailUrl":"http:\/\/durabo.eu\/wp-content\/uploads\/2022\/08\/S51-2.jpg","datePublished":"2024-07-19T09:18:35+00:00","dateModified":"2024-07-26T09:33:46+00:00","description":"Dost\u0119pna tylko w sezonie lato 2024 lniana koszula m\u0119ska 100% len! Naturalna, przewiewna i wytrzyma\u0142a koszula outdoor. Idealna letnia koszula m\u0119ska na upa\u0142.","breadcrumb":{"@id":"https:\/\/test.durabo.eu\/en\/produkt\/koszula-lniana-meska-linen-pure\/#breadcrumb"},"inLanguage":"en-US","potentialAction":[{"@type":"ReadAction","target":["https:\/\/test.durabo.eu\/en\/produkt\/koszula-lniana-meska-linen-pure\/"]}]},{"@type":"ImageObject","inLanguage":"en-US","@id":"https:\/\/test.durabo.eu\/en\/produkt\/koszula-lniana-meska-linen-pure\/#primaryimage","url":"http:\/\/durabo.eu\/wp-content\/uploads\/2022\/08\/S51-2.jpg","contentUrl":"http:\/\/durabo.eu\/wp-content\/uploads\/2022\/08\/S51-2.jpg"},{"@type":"BreadcrumbList","@id":"https:\/\/test.durabo.eu\/en\/produkt\/koszula-lniana-meska-linen-pure\/#breadcrumb","itemListElement":[{"@type":"ListItem","position":1,"name":"Home","item":"https:\/\/test.durabo.eu\/en\/"},{"@type":"ListItem","position":2,"name":"Shop","item":"https:\/\/test.durabo.eu\/sklep\/"},{"@type":"ListItem","position":3,"name":"Koszula lniana m\u0119ska &#8211; LINEN PURE"}]},{"@type":"WebSite","@id":"https:\/\/test.durabo.eu\/en\/#website","url":"https:\/\/test.durabo.eu\/en\/","name":"DURABO","description":"Odzie\u017c outdoor i taktyczna","publisher":{"@id":"https:\/\/test.durabo.eu\/en\/#organization"},"potentialAction":[{"@type":"SearchAction","target":{"@type":"EntryPoint","urlTemplate":"https:\/\/test.durabo.eu\/en\/?s={search_term_string}"},"query-input":"required name=search_term_string"}],"inLanguage":"en-US"},{"@type":"Organization","@id":"https:\/\/test.durabo.eu\/en\/#organization","name":"DURABO","url":"https:\/\/test.durabo.eu\/en\/","logo":{"@type":"ImageObject","inLanguage":"en-US","@id":"https:\/\/test.durabo.eu\/en\/#\/schema\/logo\/image\/","url":"https:\/\/durabo.eu\/wp-content\/uploads\/2022\/08\/logo-durabo-black.png","contentUrl":"https:\/\/durabo.eu\/wp-content\/uploads\/2022\/08\/logo-durabo-black.png","width":300,"height":59,"caption":"DURABO"},"image":{"@id":"https:\/\/test.durabo.eu\/en\/#\/schema\/logo\/image\/"},"sameAs":["https:\/\/www.facebook.com\/durabopolska\/"]}]}},"_links":{"self":[{"href":"https:\/\/test.durabo.eu\/en\/wp-json\/wp\/v2\/product\/13504"}],"collection":[{"href":"https:\/\/test.durabo.eu\/en\/wp-json\/wp\/v2\/product"}],"about":[{"href":"https:\/\/test.durabo.eu\/en\/wp-json\/wp\/v2\/types\/product"}],"wp:attachment":[{"href":"https:\/\/test.durabo.eu\/en\/wp-json\/wp\/v2\/media?parent=13504"}],"wp:term":[{"taxonomy":"product_cat","embeddable":true,"href":"https:\/\/test.durabo.eu\/en\/wp-json\/wp\/v2\/product_cat?post=13504"},{"taxonomy":"product_tag","embeddable":true,"href":"https:\/\/test.durabo.eu\/en\/wp-json\/wp\/v2\/product_tag?post=13504"}],"curies":[{"name":"wp","href":"https:\/\/api.w.org\/{rel}","templated":true}]}}