{"id":11812,"date":"2023-11-24T00:12:42","date_gmt":"2023-11-23T23:12:42","guid":{"rendered":"https:\/\/durabo.eu\/?post_type=product&#038;p=11812"},"modified":"2024-04-10T15:02:42","modified_gmt":"2024-04-10T13:02:42","slug":"mens-outdoor-hoodie-super-hoodie-mens-plain","status":"publish","type":"product","link":"https:\/\/test.durabo.eu\/en\/produkt\/mens-outdoor-hoodie-super-hoodie-mens-plain\/","title":{"rendered":"Men\u2019s outdoor hoodie &#8211; SUPER HOODIE Men\u2019s Plain"},"content":{"rendered":"<h2><strong>Men\u2019s outdoor hoodie &#8211; SUPER HOODIE Men\u2019s Plain<\/strong><\/h2>\n<p>There\u2019s hardly a more popular type of clothing than the hoodie, is there? To understand its phenomenon, we went back to its birth, the New York docks and stadiums of the 1930s and 1940s.<\/p>\n<p>We took a close look at the first hoodies in the world and created our retro model, the Super Hoodie. It takes the historic form of the sports hoodie with a sewn-on hood and adds a few new features, such as a zip pocket and a low stand-up collar.<\/p>\n<p><iframe title=\"SUPER HOODIE Men&#039;s Mohito Mint - PL\" width=\"1080\" height=\"608\" src=\"https:\/\/www.youtube.com\/embed\/9gAFFK_RBr4?feature=oembed&#038;enablejsapi=1&#038;origin=https:\/\/durabo.eu\"  allow=\"accelerometer; autoplay; clipboard-write; encrypted-media; gyroscope; picture-in-picture; web-share\" referrerpolicy=\"strict-origin-when-cross-origin\" allowfullscreen><\/iframe><\/p>\n<p>&nbsp;<\/p>\n<p>&nbsp;<\/p>\n","protected":false},"excerpt":{"rendered":"<p>Men\u2019s outdoor hoodie &#8211; SUPER HOODIE Men\u2019s Plain There\u2019s hardly a more popular type of clothing than the hoodie, is there? To understand its phenomenon, we went back to its birth, the New York docks and stadiums of the 1930s and 1940s. We took a close look at the first hoodies in the world and [&hellip;]<\/p>\n","protected":false},"featured_media":12042,"template":"","meta":{"_et_pb_use_builder":"","_et_pb_old_content":"[et_pb_section fb_built=\"1\" _builder_version=\"4.16\" custom_padding=\"0px||||false|false\" da_disable_devices=\"off|off|off\" global_colors_info=\"{}\" da_is_popup=\"off\" da_exit_intent=\"off\" da_has_close=\"on\" da_alt_close=\"off\" da_dark_close=\"off\" da_not_modal=\"on\" da_is_singular=\"off\" da_with_loader=\"off\" da_has_shadow=\"on\"][et_pb_row _builder_version=\"4.16\" background_size=\"initial\" background_position=\"top_left\" background_repeat=\"repeat\" width=\"100%\" custom_padding=\"0px||0px||false|false\" global_colors_info=\"{}\"][et_pb_column type=\"4_4\" _builder_version=\"4.16\" custom_padding=\"|||\" global_colors_info=\"{}\" custom_padding__hover=\"|||\"][et_pb_wc_breadcrumb _builder_version=\"4.16\" global_colors_info=\"{}\"][\/et_pb_wc_breadcrumb][et_pb_wc_cart_notice _builder_version=\"4.16\" global_colors_info=\"{}\"][\/et_pb_wc_cart_notice][\/et_pb_column][\/et_pb_row][et_pb_row column_structure=\"1_2,1_2\" _builder_version=\"4.16\" background_size=\"initial\" background_position=\"top_left\" background_repeat=\"repeat\" width=\"100%\" custom_padding=\"0px||||false|false\" global_colors_info=\"{}\"][et_pb_column type=\"1_2\" _builder_version=\"4.16\" custom_padding=\"|||\" global_colors_info=\"{}\" custom_padding__hover=\"|||\"][et_pb_wc_images _builder_version=\"4.16\" global_colors_info=\"{}\"][\/et_pb_wc_images][\/et_pb_column][et_pb_column type=\"1_2\" _builder_version=\"4.16\" custom_padding=\"|||\" global_colors_info=\"{}\" custom_padding__hover=\"|||\"][et_pb_wc_title _builder_version=\"4.16\" global_colors_info=\"{}\"][\/et_pb_wc_title][et_pb_wc_rating _builder_version=\"4.16\" global_colors_info=\"{}\"][\/et_pb_wc_rating][et_pb_wc_price _builder_version=\"4.16\" global_colors_info=\"{}\"][\/et_pb_wc_price][et_pb_wc_description _builder_version=\"4.16\" global_colors_info=\"{}\"][\/et_pb_wc_description][et_pb_wc_add_to_cart _builder_version=\"4.16\" global_colors_info=\"{}\"][\/et_pb_wc_add_to_cart][et_pb_wc_meta _builder_version=\"4.16\" global_colors_info=\"{}\"][\/et_pb_wc_meta][\/et_pb_column][\/et_pb_row][et_pb_row _builder_version=\"4.16\" background_size=\"initial\" background_position=\"top_left\" background_repeat=\"repeat\" width=\"100%\" global_colors_info=\"{}\"][et_pb_column type=\"4_4\" _builder_version=\"4.16\" custom_padding=\"|||\" global_colors_info=\"{}\" custom_padding__hover=\"|||\"][et_pb_wc_tabs _builder_version=\"4.23.1\" global_colors_info=\"{}\"] [\/et_pb_wc_tabs][et_pb_wc_upsells _builder_version=\"4.16\" global_colors_info=\"{}\"][\/et_pb_wc_upsells][et_pb_wc_related_products _builder_version=\"4.16\" global_colors_info=\"{}\"][\/et_pb_wc_related_products][\/et_pb_column][\/et_pb_row][\/et_pb_section][et_pb_section fb_built=\"1\" _builder_version=\"4.16\" custom_padding=\"0px||||false|false\" da_disable_devices=\"off|off|off\" global_colors_info=\"{}\" da_is_popup=\"off\" da_exit_intent=\"off\" da_has_close=\"on\" da_alt_close=\"off\" da_dark_close=\"off\" da_not_modal=\"on\" da_is_singular=\"off\" da_with_loader=\"off\" da_has_shadow=\"on\"][et_pb_row _builder_version=\"4.16\" background_size=\"initial\" background_position=\"top_left\" background_repeat=\"repeat\" width=\"100%\" custom_padding=\"0px||0px||false|false\" global_colors_info=\"{}\"][et_pb_column type=\"4_4\" _builder_version=\"4.16\" custom_padding=\"|||\" global_colors_info=\"{}\" custom_padding__hover=\"|||\"][et_pb_wc_breadcrumb _builder_version=\"4.16\" global_colors_info=\"{}\"][\/et_pb_wc_breadcrumb][et_pb_wc_cart_notice _builder_version=\"4.16\" global_colors_info=\"{}\"][\/et_pb_wc_cart_notice][\/et_pb_column][\/et_pb_row][et_pb_row column_structure=\"1_2,1_2\" _builder_version=\"4.16\" background_size=\"initial\" background_position=\"top_left\" background_repeat=\"repeat\" width=\"100%\" custom_padding=\"0px||||false|false\" global_colors_info=\"{}\"][et_pb_column type=\"1_2\" _builder_version=\"4.16\" custom_padding=\"|||\" global_colors_info=\"{}\" custom_padding__hover=\"|||\"][et_pb_wc_images _builder_version=\"4.16\" global_colors_info=\"{}\"][\/et_pb_wc_images][\/et_pb_column][et_pb_column type=\"1_2\" _builder_version=\"4.16\" custom_padding=\"|||\" global_colors_info=\"{}\" custom_padding__hover=\"|||\"][et_pb_wc_title _builder_version=\"4.16\" global_colors_info=\"{}\"][\/et_pb_wc_title][et_pb_wc_rating _builder_version=\"4.16\" global_colors_info=\"{}\"][\/et_pb_wc_rating][et_pb_wc_price _builder_version=\"4.16\" global_colors_info=\"{}\"][\/et_pb_wc_price][et_pb_wc_description _builder_version=\"4.16\" global_colors_info=\"{}\"][\/et_pb_wc_description][et_pb_wc_add_to_cart _builder_version=\"4.16\" global_colors_info=\"{}\"][\/et_pb_wc_add_to_cart][et_pb_wc_meta _builder_version=\"4.16\" global_colors_info=\"{}\"][\/et_pb_wc_meta][\/et_pb_column][\/et_pb_row][et_pb_row _builder_version=\"4.16\" background_size=\"initial\" background_position=\"top_left\" background_repeat=\"repeat\" width=\"100%\" global_colors_info=\"{}\"][et_pb_column type=\"4_4\" _builder_version=\"4.16\" custom_padding=\"|||\" global_colors_info=\"{}\" custom_padding__hover=\"|||\"][et_pb_wc_tabs _builder_version=\"4.16\" global_colors_info=\"{}\"] [\/et_pb_wc_tabs][et_pb_wc_upsells _builder_version=\"4.16\" global_colors_info=\"{}\"][\/et_pb_wc_upsells][et_pb_wc_related_products _builder_version=\"4.16\" global_colors_info=\"{}\"][\/et_pb_wc_related_products][\/et_pb_column][\/et_pb_row][\/et_pb_section]","_et_gb_content_width":""},"product_cat":[125,158,240,131,239,231,254,166],"product_tag":[119],"yoast_head":"<!-- This site is optimized with the Yoast SEO plugin v23.0 - https:\/\/yoast.com\/wordpress\/plugins\/seo\/ -->\n<title>SUPER HOODIE - men&#039;s Plain<\/title>\n<meta name=\"description\" content=\"Bluza m\u0119ska outdoor jeszcze nigdy nie by\u0142a tak wygodna i funkcjonalna. Odkryj nasz\u0105 bluz\u0119 outdoorow\u0105 m\u0119sk\u0105 i sam poznaj jej jako\u015b\u0107. Zapraszamy!\" \/>\n<meta name=\"robots\" content=\"index, follow, max-snippet:-1, max-image-preview:large, max-video-preview:-1\" \/>\n<link rel=\"canonical\" href=\"https:\/\/test.durabo.eu\/en\/produkt\/mens-outdoor-hoodie-super-hoodie-mens-plain\/\" \/>\n<meta property=\"og:locale\" content=\"en_US\" \/>\n<meta property=\"og:type\" content=\"article\" \/>\n<meta property=\"og:title\" content=\"SUPER HOODIE - men&#039;s Plain\" \/>\n<meta property=\"og:description\" content=\"Bluza m\u0119ska outdoor jeszcze nigdy nie by\u0142a tak wygodna i funkcjonalna. Odkryj nasz\u0105 bluz\u0119 outdoorow\u0105 m\u0119sk\u0105 i sam poznaj jej jako\u015b\u0107. Zapraszamy!\" \/>\n<meta property=\"og:url\" content=\"https:\/\/test.durabo.eu\/en\/produkt\/mens-outdoor-hoodie-super-hoodie-mens-plain\/\" \/>\n<meta property=\"og:site_name\" content=\"DURABO\" \/>\n<meta property=\"article:publisher\" content=\"https:\/\/www.facebook.com\/durabopolska\/\" \/>\n<meta property=\"article:modified_time\" content=\"2024-04-10T13:02:42+00:00\" \/>\n<meta property=\"og:image\" content=\"https:\/\/test.durabo.eu\/wp-content\/uploads\/2023\/11\/DURABO-SUPER-HOODIE-M-PLAIN-2.jpg\" \/>\n\t<meta property=\"og:image:width\" content=\"1200\" \/>\n\t<meta property=\"og:image:height\" content=\"1200\" \/>\n\t<meta property=\"og:image:type\" content=\"image\/jpeg\" \/>\n<meta name=\"twitter:card\" content=\"summary_large_image\" \/>\n<meta name=\"twitter:label1\" content=\"Est. reading time\" \/>\n\t<meta name=\"twitter:data1\" content=\"1 minute\" \/>\n<script type=\"application\/ld+json\" class=\"yoast-schema-graph\">{\"@context\":\"https:\/\/schema.org\",\"@graph\":[{\"@type\":\"WebPage\",\"@id\":\"https:\/\/test.durabo.eu\/en\/produkt\/mens-outdoor-hoodie-super-hoodie-mens-plain\/\",\"url\":\"https:\/\/test.durabo.eu\/en\/produkt\/mens-outdoor-hoodie-super-hoodie-mens-plain\/\",\"name\":\"SUPER HOODIE - men's Plain\",\"isPartOf\":{\"@id\":\"https:\/\/test.durabo.eu\/en\/#website\"},\"primaryImageOfPage\":{\"@id\":\"https:\/\/test.durabo.eu\/en\/produkt\/mens-outdoor-hoodie-super-hoodie-mens-plain\/#primaryimage\"},\"image\":{\"@id\":\"https:\/\/test.durabo.eu\/en\/produkt\/mens-outdoor-hoodie-super-hoodie-mens-plain\/#primaryimage\"},\"thumbnailUrl\":\"https:\/\/test.durabo.eu\/wp-content\/uploads\/2023\/11\/DURABO-SUPER-HOODIE-M-PLAIN-2.jpg\",\"datePublished\":\"2023-11-23T23:12:42+00:00\",\"dateModified\":\"2024-04-10T13:02:42+00:00\",\"description\":\"Bluza m\u0119ska outdoor jeszcze nigdy nie by\u0142a tak wygodna i funkcjonalna. Odkryj nasz\u0105 bluz\u0119 outdoorow\u0105 m\u0119sk\u0105 i sam poznaj jej jako\u015b\u0107. Zapraszamy!\",\"breadcrumb\":{\"@id\":\"https:\/\/test.durabo.eu\/en\/produkt\/mens-outdoor-hoodie-super-hoodie-mens-plain\/#breadcrumb\"},\"inLanguage\":\"en-US\",\"potentialAction\":[{\"@type\":\"ReadAction\",\"target\":[\"https:\/\/test.durabo.eu\/en\/produkt\/mens-outdoor-hoodie-super-hoodie-mens-plain\/\"]}]},{\"@type\":\"ImageObject\",\"inLanguage\":\"en-US\",\"@id\":\"https:\/\/test.durabo.eu\/en\/produkt\/mens-outdoor-hoodie-super-hoodie-mens-plain\/#primaryimage\",\"url\":\"https:\/\/test.durabo.eu\/wp-content\/uploads\/2023\/11\/DURABO-SUPER-HOODIE-M-PLAIN-2.jpg\",\"contentUrl\":\"https:\/\/test.durabo.eu\/wp-content\/uploads\/2023\/11\/DURABO-SUPER-HOODIE-M-PLAIN-2.jpg\",\"width\":1200,\"height\":1200},{\"@type\":\"BreadcrumbList\",\"@id\":\"https:\/\/test.durabo.eu\/en\/produkt\/mens-outdoor-hoodie-super-hoodie-mens-plain\/#breadcrumb\",\"itemListElement\":[{\"@type\":\"ListItem\",\"position\":1,\"name\":\"Home\",\"item\":\"https:\/\/test.durabo.eu\/en\/\"},{\"@type\":\"ListItem\",\"position\":2,\"name\":\"Shop\",\"item\":\"https:\/\/test.durabo.eu\/sklep\/\"},{\"@type\":\"ListItem\",\"position\":3,\"name\":\"Men\u2019s outdoor hoodie &#8211; SUPER HOODIE Men\u2019s Plain\"}]},{\"@type\":\"WebSite\",\"@id\":\"https:\/\/test.durabo.eu\/en\/#website\",\"url\":\"https:\/\/test.durabo.eu\/en\/\",\"name\":\"DURABO\",\"description\":\"Odzie\u017c outdoor i taktyczna\",\"publisher\":{\"@id\":\"https:\/\/test.durabo.eu\/en\/#organization\"},\"potentialAction\":[{\"@type\":\"SearchAction\",\"target\":{\"@type\":\"EntryPoint\",\"urlTemplate\":\"https:\/\/test.durabo.eu\/en\/?s={search_term_string}\"},\"query-input\":\"required name=search_term_string\"}],\"inLanguage\":\"en-US\"},{\"@type\":\"Organization\",\"@id\":\"https:\/\/test.durabo.eu\/en\/#organization\",\"name\":\"DURABO\",\"url\":\"https:\/\/test.durabo.eu\/en\/\",\"logo\":{\"@type\":\"ImageObject\",\"inLanguage\":\"en-US\",\"@id\":\"https:\/\/test.durabo.eu\/en\/#\/schema\/logo\/image\/\",\"url\":\"https:\/\/durabo.eu\/wp-content\/uploads\/2022\/08\/logo-durabo-black.png\",\"contentUrl\":\"https:\/\/durabo.eu\/wp-content\/uploads\/2022\/08\/logo-durabo-black.png\",\"width\":300,\"height\":59,\"caption\":\"DURABO\"},\"image\":{\"@id\":\"https:\/\/test.durabo.eu\/en\/#\/schema\/logo\/image\/\"},\"sameAs\":[\"https:\/\/www.facebook.com\/durabopolska\/\"]}]}<\/script>\n<!-- \/ Yoast SEO plugin. -->","yoast_head_json":{"title":"SUPER HOODIE - men's Plain","description":"Bluza m\u0119ska outdoor jeszcze nigdy nie by\u0142a tak wygodna i funkcjonalna. Odkryj nasz\u0105 bluz\u0119 outdoorow\u0105 m\u0119sk\u0105 i sam poznaj jej jako\u015b\u0107. Zapraszamy!","robots":{"index":"index","follow":"follow","max-snippet":"max-snippet:-1","max-image-preview":"max-image-preview:large","max-video-preview":"max-video-preview:-1"},"canonical":"https:\/\/test.durabo.eu\/en\/produkt\/mens-outdoor-hoodie-super-hoodie-mens-plain\/","og_locale":"en_US","og_type":"article","og_title":"SUPER HOODIE - men's Plain","og_description":"Bluza m\u0119ska outdoor jeszcze nigdy nie by\u0142a tak wygodna i funkcjonalna. Odkryj nasz\u0105 bluz\u0119 outdoorow\u0105 m\u0119sk\u0105 i sam poznaj jej jako\u015b\u0107. Zapraszamy!","og_url":"https:\/\/test.durabo.eu\/en\/produkt\/mens-outdoor-hoodie-super-hoodie-mens-plain\/","og_site_name":"DURABO","article_publisher":"https:\/\/www.facebook.com\/durabopolska\/","article_modified_time":"2024-04-10T13:02:42+00:00","og_image":[{"width":1200,"height":1200,"url":"https:\/\/test.durabo.eu\/wp-content\/uploads\/2023\/11\/DURABO-SUPER-HOODIE-M-PLAIN-2.jpg","type":"image\/jpeg"}],"twitter_card":"summary_large_image","twitter_misc":{"Est. reading time":"1 minute"},"schema":{"@context":"https:\/\/schema.org","@graph":[{"@type":"WebPage","@id":"https:\/\/test.durabo.eu\/en\/produkt\/mens-outdoor-hoodie-super-hoodie-mens-plain\/","url":"https:\/\/test.durabo.eu\/en\/produkt\/mens-outdoor-hoodie-super-hoodie-mens-plain\/","name":"SUPER HOODIE - men's Plain","isPartOf":{"@id":"https:\/\/test.durabo.eu\/en\/#website"},"primaryImageOfPage":{"@id":"https:\/\/test.durabo.eu\/en\/produkt\/mens-outdoor-hoodie-super-hoodie-mens-plain\/#primaryimage"},"image":{"@id":"https:\/\/test.durabo.eu\/en\/produkt\/mens-outdoor-hoodie-super-hoodie-mens-plain\/#primaryimage"},"thumbnailUrl":"https:\/\/test.durabo.eu\/wp-content\/uploads\/2023\/11\/DURABO-SUPER-HOODIE-M-PLAIN-2.jpg","datePublished":"2023-11-23T23:12:42+00:00","dateModified":"2024-04-10T13:02:42+00:00","description":"Bluza m\u0119ska outdoor jeszcze nigdy nie by\u0142a tak wygodna i funkcjonalna. Odkryj nasz\u0105 bluz\u0119 outdoorow\u0105 m\u0119sk\u0105 i sam poznaj jej jako\u015b\u0107. Zapraszamy!","breadcrumb":{"@id":"https:\/\/test.durabo.eu\/en\/produkt\/mens-outdoor-hoodie-super-hoodie-mens-plain\/#breadcrumb"},"inLanguage":"en-US","potentialAction":[{"@type":"ReadAction","target":["https:\/\/test.durabo.eu\/en\/produkt\/mens-outdoor-hoodie-super-hoodie-mens-plain\/"]}]},{"@type":"ImageObject","inLanguage":"en-US","@id":"https:\/\/test.durabo.eu\/en\/produkt\/mens-outdoor-hoodie-super-hoodie-mens-plain\/#primaryimage","url":"https:\/\/test.durabo.eu\/wp-content\/uploads\/2023\/11\/DURABO-SUPER-HOODIE-M-PLAIN-2.jpg","contentUrl":"https:\/\/test.durabo.eu\/wp-content\/uploads\/2023\/11\/DURABO-SUPER-HOODIE-M-PLAIN-2.jpg","width":1200,"height":1200},{"@type":"BreadcrumbList","@id":"https:\/\/test.durabo.eu\/en\/produkt\/mens-outdoor-hoodie-super-hoodie-mens-plain\/#breadcrumb","itemListElement":[{"@type":"ListItem","position":1,"name":"Home","item":"https:\/\/test.durabo.eu\/en\/"},{"@type":"ListItem","position":2,"name":"Shop","item":"https:\/\/test.durabo.eu\/sklep\/"},{"@type":"ListItem","position":3,"name":"Men\u2019s outdoor hoodie &#8211; SUPER HOODIE Men\u2019s Plain"}]},{"@type":"WebSite","@id":"https:\/\/test.durabo.eu\/en\/#website","url":"https:\/\/test.durabo.eu\/en\/","name":"DURABO","description":"Odzie\u017c outdoor i taktyczna","publisher":{"@id":"https:\/\/test.durabo.eu\/en\/#organization"},"potentialAction":[{"@type":"SearchAction","target":{"@type":"EntryPoint","urlTemplate":"https:\/\/test.durabo.eu\/en\/?s={search_term_string}"},"query-input":"required name=search_term_string"}],"inLanguage":"en-US"},{"@type":"Organization","@id":"https:\/\/test.durabo.eu\/en\/#organization","name":"DURABO","url":"https:\/\/test.durabo.eu\/en\/","logo":{"@type":"ImageObject","inLanguage":"en-US","@id":"https:\/\/test.durabo.eu\/en\/#\/schema\/logo\/image\/","url":"https:\/\/durabo.eu\/wp-content\/uploads\/2022\/08\/logo-durabo-black.png","contentUrl":"https:\/\/durabo.eu\/wp-content\/uploads\/2022\/08\/logo-durabo-black.png","width":300,"height":59,"caption":"DURABO"},"image":{"@id":"https:\/\/test.durabo.eu\/en\/#\/schema\/logo\/image\/"},"sameAs":["https:\/\/www.facebook.com\/durabopolska\/"]}]}},"_links":{"self":[{"href":"https:\/\/test.durabo.eu\/en\/wp-json\/wp\/v2\/product\/11812"}],"collection":[{"href":"https:\/\/test.durabo.eu\/en\/wp-json\/wp\/v2\/product"}],"about":[{"href":"https:\/\/test.durabo.eu\/en\/wp-json\/wp\/v2\/types\/product"}],"wp:featuredmedia":[{"embeddable":true,"href":"https:\/\/test.durabo.eu\/en\/wp-json\/wp\/v2\/media\/12042"}],"wp:attachment":[{"href":"https:\/\/test.durabo.eu\/en\/wp-json\/wp\/v2\/media?parent=11812"}],"wp:term":[{"taxonomy":"product_cat","embeddable":true,"href":"https:\/\/test.durabo.eu\/en\/wp-json\/wp\/v2\/product_cat?post=11812"},{"taxonomy":"product_tag","embeddable":true,"href":"https:\/\/test.durabo.eu\/en\/wp-json\/wp\/v2\/product_tag?post=11812"}],"curies":[{"name":"wp","href":"https:\/\/api.w.org\/{rel}","templated":true}]}}