{"id":8026,"date":"2022-11-02T21:08:57","date_gmt":"2022-11-02T20:08:57","guid":{"rendered":"https:\/\/durabo.eu\/interaction\/"},"modified":"2022-12-09T09:29:24","modified_gmt":"2022-12-09T08:29:24","slug":"interaction","status":"publish","type":"page","link":"https:\/\/test.durabo.eu\/en\/interaction\/","title":{"rendered":"Interaction"},"content":{"rendered":"<p>[et_pb_section fb_built=&#8221;1&#8243; custom_padding_last_edited=&#8221;off|desktop&#8221; admin_label=&#8221;Header&#8221; _builder_version=&#8221;4.18.0&#8243; _module_preset=&#8221;default&#8221; background_color=&#8221;#f2f2f2&#8243; background_color_gradient_direction=&#8221;60deg&#8221; background_color_gradient_start=&#8221;#efe8ff&#8221; background_color_gradient_end=&#8221;#bac7ff&#8221; background_enable_image=&#8221;off&#8221; background_size=&#8221;contain&#8221; background_position=&#8221;bottom_left&#8221; custom_padding=&#8221;3vw||1px||false|false&#8221; custom_padding_tablet=&#8221;80px||||false|false&#8221; custom_padding_phone=&#8221;60px||||false|false&#8221; background_last_edited=&#8221;off|desktop&#8221; use_background_color_gradient_tablet=&#8221;on&#8221; background_color_gradient_stops_tablet=&#8221;rgba(255,255,255,0.5) 0%|rgba(255,255,255,0.5) 100%&#8221; background_color_gradient_start_tablet=&#8221;rgba(255,255,255,0.5)&#8221; background_color_gradient_end_tablet=&#8221;rgba(255,255,255,0.5)&#8221; global_module=&#8221;1087&#8243; saved_tabs=&#8221;all&#8221; global_colors_info=&#8221;{}&#8221;][et_pb_row _builder_version=&#8221;4.18.1&#8243; _module_preset=&#8221;default&#8221; global_colors_info=&#8221;{}&#8221;][et_pb_column type=&#8221;4_4&#8243; _builder_version=&#8221;4.18.1&#8243; _module_preset=&#8221;default&#8221; global_colors_info=&#8221;{}&#8221;][et_pb_post_title meta=&#8221;off&#8221; featured_image=&#8221;off&#8221; _builder_version=&#8221;4.18.1&#8243; _module_preset=&#8221;default&#8221; title_font_size=&#8221;39px&#8221; global_colors_info=&#8221;{}&#8221;][\/et_pb_post_title][\/et_pb_column][\/et_pb_row][\/et_pb_section][et_pb_section fb_built=&#8221;1&#8243; _builder_version=&#8221;4.18.1&#8243; _module_preset=&#8221;default&#8221; custom_padding=&#8221;6px|||||&#8221; global_colors_info=&#8221;{}&#8221;][et_pb_row column_structure=&#8221;1_2,1_2&#8243; _builder_version=&#8221;4.18.1&#8243; _module_preset=&#8221;default&#8221; global_colors_info=&#8221;{}&#8221;][et_pb_column type=&#8221;1_2&#8243; _builder_version=&#8221;4.18.1&#8243; _module_preset=&#8221;default&#8221; global_colors_info=&#8221;{}&#8221;][et_pb_text _builder_version=&#8221;4.18.1&#8243; _module_preset=&#8221;default&#8221; custom_margin=&#8221;||11px|||&#8221; global_colors_info=&#8221;{}&#8221;][\/et_pb_text][et_pb_image src=&#8221;http:\/\/durabo.eu\/wp-content\/uploads\/2022\/09\/l-super-1.jpg&#8221; title_text=&#8221;l-super&#8221; _builder_version=&#8221;4.18.1&#8243; _module_preset=&#8221;default&#8221; global_colors_info=&#8221;{}&#8221;][\/et_pb_image][et_pb_text _builder_version=&#8221;4.18.1&#8243; _module_preset=&#8221;default&#8221; custom_padding=&#8221;||5px|||&#8221; global_colors_info=&#8221;{}&#8221;]<\/p>\n<h2 class=\"heading page-form__heading fadeInBottom\" data-aoe=\"fadeInBottom\"><span class=\"heading__content\">BECOME OUR DISTRIBUTOR<\/span><\/h2>\n<p>[\/et_pb_text][et_pb_text _builder_version=&#8221;4.19.0&#8243; _module_preset=&#8221;default&#8221; hover_enabled=&#8221;0&#8243; global_colors_info=&#8221;{}&#8221; sticky_enabled=&#8221;0&#8243;]<\/p>\n<p><span>If you are interested in selling DURABO products in your store,<\/span> <span>and would like to see what the cooperation offer looks like, please fill out the form.<\/span><\/p>\n<p>We will contact you as soon as possible.<\/p>\n<p>[\/et_pb_text][\/et_pb_column][et_pb_column type=&#8221;1_2&#8243; _builder_version=&#8221;4.18.1&#8243; _module_preset=&#8221;default&#8221; global_colors_info=&#8221;{}&#8221;][et_pb_code _builder_version=&#8221;4.18.1&#8243; _module_preset=&#8221;default&#8221; global_colors_info=&#8221;{}&#8221;]<div class=\"wpforms-container wpforms-container-full\" id=\"wpforms-8013\"><form id=\"wpforms-form-8013\" class=\"wpforms-validate wpforms-form wpforms-ajax-form\" data-formid=\"8013\" method=\"post\" enctype=\"multipart\/form-data\" action=\"\/en\/wp-json\/wp\/v2\/pages\/8026\" data-token=\"88931effecb8c84eaddbaf9949362620\" data-token-time=\"1776435524\"><noscript class=\"wpforms-error-noscript\">Please enable JavaScript in your browser to complete this form.<\/noscript><div class=\"wpforms-field-container\"><div id=\"wpforms-8013-field_4-container\" class=\"wpforms-field wpforms-field-text\" data-field-id=\"4\"><label class=\"wpforms-field-label\" for=\"wpforms-8013-field_4\">Nazwa firmy <span class=\"wpforms-required-label\">*<\/span><\/label><input type=\"text\" id=\"wpforms-8013-field_4\" class=\"wpforms-field-medium wpforms-field-required\" name=\"wpforms[fields][4]\" required><\/div><div id=\"wpforms-8013-field_5-container\" class=\"wpforms-field wpforms-field-text\" data-field-id=\"5\"><label class=\"wpforms-field-label\" for=\"wpforms-8013-field_5\">Adres <span class=\"wpforms-required-label\">*<\/span><\/label><input type=\"text\" id=\"wpforms-8013-field_5\" class=\"wpforms-field-medium wpforms-field-required\" name=\"wpforms[fields][5]\" required><\/div><div id=\"wpforms-8013-field_6-container\" class=\"wpforms-field wpforms-field-text\" data-field-id=\"6\"><label class=\"wpforms-field-label\" for=\"wpforms-8013-field_6\">Kraj <span class=\"wpforms-required-label\">*<\/span><\/label><input type=\"text\" id=\"wpforms-8013-field_6\" class=\"wpforms-field-medium wpforms-field-required\" name=\"wpforms[fields][6]\" required><\/div><div id=\"wpforms-8013-field_0-container\" class=\"wpforms-field wpforms-field-name\" data-field-id=\"0\"><label class=\"wpforms-field-label\" for=\"wpforms-8013-field_0\">Osoba do kontaktu<\/label><div class=\"wpforms-field-row wpforms-field-medium\"><div class=\"wpforms-field-row-block wpforms-first wpforms-one-half\"><input type=\"text\" id=\"wpforms-8013-field_0\" class=\"wpforms-field-name-first\" name=\"wpforms[fields][0][first]\" ><label for=\"wpforms-8013-field_0\" class=\"wpforms-field-sublabel after\">First<\/label><\/div><div class=\"wpforms-field-row-block wpforms-one-half\"><input type=\"text\" id=\"wpforms-8013-field_0-last\" class=\"wpforms-field-name-last\" name=\"wpforms[fields][0][last]\" ><label for=\"wpforms-8013-field_0-last\" class=\"wpforms-field-sublabel after\">Last<\/label><\/div><\/div><\/div><div id=\"wpforms-8013-field_10-container\" class=\"wpforms-field wpforms-field-text\" data-field-id=\"10\"><label class=\"wpforms-field-label\" for=\"wpforms-8013-field_10\">Telefon<\/label><input type=\"text\" id=\"wpforms-8013-field_10\" class=\"wpforms-field-medium\" name=\"wpforms[fields][10]\" ><\/div><div id=\"wpforms-8013-field_1-container\" class=\"wpforms-field wpforms-field-email\" data-field-id=\"1\"><label class=\"wpforms-field-label\" for=\"wpforms-8013-field_1\">Email <span class=\"wpforms-required-label\">*<\/span><\/label><input type=\"email\" id=\"wpforms-8013-field_1\" class=\"wpforms-field-medium wpforms-field-required\" name=\"wpforms[fields][1]\" spellcheck=\"false\" required><\/div><div id=\"wpforms-8013-field_8-container\" class=\"wpforms-field wpforms-field-text\" data-field-id=\"8\"><label class=\"wpforms-field-label\" for=\"wpforms-8013-field_8\">Strona internetowa<\/label><input type=\"text\" id=\"wpforms-8013-field_8\" class=\"wpforms-field-medium\" name=\"wpforms[fields][8]\" ><\/div><div id=\"wpforms-8013-field_2-container\" class=\"wpforms-field wpforms-field-textarea\" data-field-id=\"2\"><label class=\"wpforms-field-label\" for=\"wpforms-8013-field_2\">Wiadomo\u015b\u0107<\/label><textarea id=\"wpforms-8013-field_2\" class=\"wpforms-field-medium\" name=\"wpforms[fields][2]\" ><\/textarea><\/div><div id=\"wpforms-8013-field_9-container\" class=\"wpforms-field wpforms-field-checkbox\" data-field-id=\"9\"><label class=\"wpforms-field-label\" for=\"wpforms-8013-field_9\">Zgoda <span class=\"wpforms-required-label\">*<\/span><\/label><ul id=\"wpforms-8013-field_9\" class=\"wpforms-field-required\"><li class=\"choice-1 depth-1\"><input type=\"checkbox\" id=\"wpforms-8013-field_9_1\" name=\"wpforms[fields][9][]\" value=\"Wyra\u017cam zgod\u0119 na kontakt ze mn\u0105, oraz akceptuj\u0119 &lt;a href=&quot;https:\/\/durabo.eu\/privacy-policy\/&quot;&gt;polityk\u0119 prywatno\u015bci&lt;\/a&gt;\" required ><label class=\"wpforms-field-label-inline\" for=\"wpforms-8013-field_9_1\">Wyra\u017cam zgod\u0119 na kontakt ze mn\u0105, oraz akceptuj\u0119 <a href=\"https:\/\/durabo.eu\/privacy-policy\/\">polityk\u0119 prywatno\u015bci<\/a><\/label><\/li><\/ul><\/div><\/div><!-- .wpforms-field-container --><div class=\"wpforms-recaptcha-container wpforms-is-hcaptcha\" ><div class=\"g-recaptcha\" data-sitekey=\"b8c780f3-2c8d-41f7-ad4a-f6adde9db6a1\"><\/div><input type=\"text\" name=\"g-recaptcha-hidden\" class=\"wpforms-recaptcha-hidden\" style=\"position:absolute!important;clip:rect(0,0,0,0)!important;height:1px!important;width:1px!important;border:0!important;overflow:hidden!important;padding:0!important;margin:0!important;\" data-rule-hcaptcha=\"1\"><\/div><div class=\"wpforms-submit-container\" ><input type=\"hidden\" name=\"wpforms[id]\" value=\"8013\"><input type=\"hidden\" name=\"page_title\" value=\"\"><input type=\"hidden\" name=\"page_url\" value=\"https:\/\/test.durabo.eu\/en\/wp-json\/wp\/v2\/pages\/8026\"><button type=\"submit\" name=\"wpforms[submit]\" id=\"wpforms-submit-8013\" class=\"wpforms-submit BUTTON\" data-alt-text=\"Wysy\u0142anie...\" data-submit-text=\"WY\u015aLIJ\" aria-live=\"assertive\" value=\"wpforms-submit\">WY\u015aLIJ<\/button><img decoding=\"async\" src=\"https:\/\/test.durabo.eu\/wp-content\/plugins\/wpforms-lite\/assets\/images\/submit-spin.svg\" class=\"wpforms-submit-spinner\" style=\"display: none;\" width=\"26\" height=\"26\" alt=\"Loading\"><\/div><\/form><\/div>  <!-- .wpforms-container -->[\/et_pb_code][\/et_pb_column][\/et_pb_row][\/et_pb_section]<\/p>\n","protected":false},"excerpt":{"rendered":"<p>BECOME OUR DISTRIBUTORIf you are interested in selling DURABO products in your store, and would like to see what the cooperation offer looks like, please fill out the form. We will contact you as soon as possible.<div class=\"wpforms-container wpforms-container-full\" id=\"wpforms-8013\"><form id=\"wpforms-form-8013\" class=\"wpforms-validate wpforms-form wpforms-ajax-form\" data-formid=\"8013\" method=\"post\" enctype=\"multipart\/form-data\" action=\"\/en\/wp-json\/wp\/v2\/pages\/8026\" data-token=\"88931effecb8c84eaddbaf9949362620\" data-token-time=\"1776435524\"><noscript class=\"wpforms-error-noscript\">Please enable JavaScript in your browser to complete this form.<\/noscript><div class=\"wpforms-field-container\"><div id=\"wpforms-8013-field_4-container\" class=\"wpforms-field wpforms-field-text\" data-field-id=\"4\"><label class=\"wpforms-field-label\" for=\"wpforms-8013-field_4\">Nazwa firmy <span class=\"wpforms-required-label\">*<\/span><\/label><input type=\"text\" id=\"wpforms-8013-field_4\" class=\"wpforms-field-medium wpforms-field-required\" name=\"wpforms[fields][4]\" required><\/div><div id=\"wpforms-8013-field_5-container\" class=\"wpforms-field wpforms-field-text\" data-field-id=\"5\"><label class=\"wpforms-field-label\" for=\"wpforms-8013-field_5\">Adres <span class=\"wpforms-required-label\">*<\/span><\/label><input type=\"text\" id=\"wpforms-8013-field_5\" class=\"wpforms-field-medium wpforms-field-required\" name=\"wpforms[fields][5]\" required><\/div><div id=\"wpforms-8013-field_6-container\" class=\"wpforms-field wpforms-field-text\" data-field-id=\"6\"><label class=\"wpforms-field-label\" for=\"wpforms-8013-field_6\">Kraj <span class=\"wpforms-required-label\">*<\/span><\/label><input type=\"text\" id=\"wpforms-8013-field_6\" class=\"wpforms-field-medium wpforms-field-required\" name=\"wpforms[fields][6]\" required><\/div><div id=\"wpforms-8013-field_0-container\" class=\"wpforms-field wpforms-field-name\" data-field-id=\"0\"><label class=\"wpforms-field-label\" for=\"wpforms-8013-field_0\">Osoba do kontaktu<\/label><div class=\"wpforms-field-row wpforms-field-medium\"><div class=\"wpforms-field-row-block wpforms-first wpforms-one-half\"><input type=\"text\" id=\"wpforms-8013-field_0\" class=\"wpforms-field-name-first\" name=\"wpforms[fields][0][first]\" ><label for=\"wpforms-8013-field_0\" class=\"wpforms-field-sublabel after\">First<\/label><\/div><div class=\"wpforms-field-row-block wpforms-one-half\"><input type=\"text\" id=\"wpforms-8013-field_0-last\" class=\"wpforms-field-name-last\" name=\"wpforms[fields][0][last]\" ><label for=\"wpforms-8013-field_0-last\" class=\"wpforms-field-sublabel after\">Last<\/label><\/div><\/div><\/div><div id=\"wpforms-8013-field_10-container\" class=\"wpforms-field wpforms-field-text\" data-field-id=\"10\"><label class=\"wpforms-field-label\" for=\"wpforms-8013-field_10\">Telefon<\/label><input type=\"text\" id=\"wpforms-8013-field_10\" class=\"wpforms-field-medium\" name=\"wpforms[fields][10]\" ><\/div><div id=\"wpforms-8013-field_1-container\" class=\"wpforms-field wpforms-field-email\" data-field-id=\"1\"><label class=\"wpforms-field-label\" for=\"wpforms-8013-field_1\">Email <span class=\"wpforms-required-label\">*<\/span><\/label><input type=\"email\" id=\"wpforms-8013-field_1\" class=\"wpforms-field-medium wpforms-field-required\" name=\"wpforms[fields][1]\" spellcheck=\"false\" required><\/div><div id=\"wpforms-8013-field_8-container\" class=\"wpforms-field wpforms-field-text\" data-field-id=\"8\"><label class=\"wpforms-field-label\" for=\"wpforms-8013-field_8\">Strona internetowa<\/label><input type=\"text\" id=\"wpforms-8013-field_8\" class=\"wpforms-field-medium\" name=\"wpforms[fields][8]\" ><\/div><div id=\"wpforms-8013-field_2-container\" class=\"wpforms-field wpforms-field-textarea\" data-field-id=\"2\"><label class=\"wpforms-field-label\" for=\"wpforms-8013-field_2\">Wiadomo\u015b\u0107<\/label><textarea id=\"wpforms-8013-field_2\" class=\"wpforms-field-medium\" name=\"wpforms[fields][2]\" ><\/textarea><\/div><div id=\"wpforms-8013-field_9-container\" class=\"wpforms-field wpforms-field-checkbox\" data-field-id=\"9\"><label class=\"wpforms-field-label\" for=\"wpforms-8013-field_9\">Zgoda <span class=\"wpforms-required-label\">*<\/span><\/label><ul id=\"wpforms-8013-field_9\" class=\"wpforms-field-required\"><li class=\"choice-1 depth-1\"><input type=\"checkbox\" id=\"wpforms-8013-field_9_1\" name=\"wpforms[fields][9][]\" value=\"Wyra\u017cam zgod\u0119 na kontakt ze mn\u0105, oraz akceptuj\u0119 &lt;a href=&quot;https:\/\/durabo.eu\/privacy-policy\/&quot;&gt;polityk\u0119 prywatno\u015bci&lt;\/a&gt;\" required ><label class=\"wpforms-field-label-inline\" for=\"wpforms-8013-field_9_1\">Wyra\u017cam zgod\u0119 na kontakt ze mn\u0105, oraz akceptuj\u0119 <a href=\"https:\/\/durabo.eu\/privacy-policy\/\">polityk\u0119 prywatno\u015bci<\/a><\/label><\/li><\/ul><\/div><\/div><!-- .wpforms-field-container --><div class=\"wpforms-recaptcha-container wpforms-is-hcaptcha\" ><div class=\"g-recaptcha\" data-sitekey=\"b8c780f3-2c8d-41f7-ad4a-f6adde9db6a1\"><\/div><input type=\"text\" name=\"g-recaptcha-hidden\" class=\"wpforms-recaptcha-hidden\" style=\"position:absolute!important;clip:rect(0,0,0,0)!important;height:1px!important;width:1px!important;border:0!important;overflow:hidden!important;padding:0!important;margin:0!important;\" data-rule-hcaptcha=\"1\"><\/div><div class=\"wpforms-submit-container\" ><input type=\"hidden\" name=\"wpforms[id]\" value=\"8013\"><input type=\"hidden\" name=\"page_title\" value=\"\"><input type=\"hidden\" name=\"page_url\" value=\"https:\/\/test.durabo.eu\/en\/wp-json\/wp\/v2\/pages\/8026\"><button type=\"submit\" name=\"wpforms[submit]\" id=\"wpforms-submit-8013\" class=\"wpforms-submit BUTTON\" data-alt-text=\"Wysy\u0142anie...\" data-submit-text=\"WY\u015aLIJ\" aria-live=\"assertive\" value=\"wpforms-submit\">WY\u015aLIJ<\/button><img decoding=\"async\" src=\"https:\/\/test.durabo.eu\/wp-content\/plugins\/wpforms-lite\/assets\/images\/submit-spin.svg\" class=\"wpforms-submit-spinner\" style=\"display: none;\" width=\"26\" height=\"26\" alt=\"Loading\"><\/div><\/form><\/div>  <!-- .wpforms-container --><\/p>\n","protected":false},"author":1,"featured_media":0,"parent":0,"menu_order":0,"comment_status":"closed","ping_status":"closed","template":"","meta":{"_et_pb_use_builder":"on","_et_pb_old_content":"","_et_gb_content_width":"","footnotes":""},"yoast_head":"<!-- This site is optimized with the Yoast SEO plugin v23.0 - https:\/\/yoast.com\/wordpress\/plugins\/seo\/ -->\n<title>Interaction - DURABO<\/title>\n<meta name=\"robots\" content=\"index, follow, max-snippet:-1, max-image-preview:large, max-video-preview:-1\" \/>\n<link rel=\"canonical\" href=\"https:\/\/test.durabo.eu\/en\/interaction\/\" \/>\n<meta property=\"og:locale\" content=\"en_US\" \/>\n<meta property=\"og:type\" content=\"article\" \/>\n<meta property=\"og:title\" content=\"Interaction - DURABO\" \/>\n<meta property=\"og:description\" content=\"InformationAbout UsTerms of servicePrivacy policyReturns and WithdrawalsPayment and shippingContactJoin the newsletterFollow us\" \/>\n<meta property=\"og:url\" content=\"https:\/\/test.durabo.eu\/en\/interaction\/\" \/>\n<meta property=\"og:site_name\" content=\"DURABO\" \/>\n<meta property=\"article:publisher\" content=\"https:\/\/www.facebook.com\/durabopolska\/\" \/>\n<meta property=\"article:modified_time\" content=\"2022-12-09T08:29:24+00:00\" \/>\n<meta name=\"twitter:card\" content=\"summary_large_image\" \/>\n<meta name=\"twitter:label1\" content=\"Est. reading time\" \/>\n\t<meta name=\"twitter:data1\" content=\"2 minutes\" \/>\n<script type=\"application\/ld+json\" class=\"yoast-schema-graph\">{\"@context\":\"https:\/\/schema.org\",\"@graph\":[{\"@type\":\"WebPage\",\"@id\":\"https:\/\/test.durabo.eu\/en\/interaction\/\",\"url\":\"https:\/\/test.durabo.eu\/en\/interaction\/\",\"name\":\"Interaction - DURABO\",\"isPartOf\":{\"@id\":\"https:\/\/test.durabo.eu\/en\/#website\"},\"datePublished\":\"2022-11-02T20:08:57+00:00\",\"dateModified\":\"2022-12-09T08:29:24+00:00\",\"breadcrumb\":{\"@id\":\"https:\/\/test.durabo.eu\/en\/interaction\/#breadcrumb\"},\"inLanguage\":\"en-US\",\"potentialAction\":[{\"@type\":\"ReadAction\",\"target\":[\"https:\/\/test.durabo.eu\/en\/interaction\/\"]}]},{\"@type\":\"BreadcrumbList\",\"@id\":\"https:\/\/test.durabo.eu\/en\/interaction\/#breadcrumb\",\"itemListElement\":[{\"@type\":\"ListItem\",\"position\":1,\"name\":\"Home\",\"item\":\"https:\/\/test.durabo.eu\/en\/\"},{\"@type\":\"ListItem\",\"position\":2,\"name\":\"Interaction\"}]},{\"@type\":\"WebSite\",\"@id\":\"https:\/\/test.durabo.eu\/en\/#website\",\"url\":\"https:\/\/test.durabo.eu\/en\/\",\"name\":\"DURABO\",\"description\":\"Odzie\u017c outdoor i taktyczna\",\"publisher\":{\"@id\":\"https:\/\/test.durabo.eu\/en\/#organization\"},\"potentialAction\":[{\"@type\":\"SearchAction\",\"target\":{\"@type\":\"EntryPoint\",\"urlTemplate\":\"https:\/\/test.durabo.eu\/en\/?s={search_term_string}\"},\"query-input\":\"required name=search_term_string\"}],\"inLanguage\":\"en-US\"},{\"@type\":\"Organization\",\"@id\":\"https:\/\/test.durabo.eu\/en\/#organization\",\"name\":\"DURABO\",\"url\":\"https:\/\/test.durabo.eu\/en\/\",\"logo\":{\"@type\":\"ImageObject\",\"inLanguage\":\"en-US\",\"@id\":\"https:\/\/test.durabo.eu\/en\/#\/schema\/logo\/image\/\",\"url\":\"https:\/\/durabo.eu\/wp-content\/uploads\/2022\/08\/logo-durabo-black.png\",\"contentUrl\":\"https:\/\/durabo.eu\/wp-content\/uploads\/2022\/08\/logo-durabo-black.png\",\"width\":300,\"height\":59,\"caption\":\"DURABO\"},\"image\":{\"@id\":\"https:\/\/test.durabo.eu\/en\/#\/schema\/logo\/image\/\"},\"sameAs\":[\"https:\/\/www.facebook.com\/durabopolska\/\"]}]}<\/script>\n<!-- \/ Yoast SEO plugin. -->","yoast_head_json":{"title":"Interaction - DURABO","robots":{"index":"index","follow":"follow","max-snippet":"max-snippet:-1","max-image-preview":"max-image-preview:large","max-video-preview":"max-video-preview:-1"},"canonical":"https:\/\/test.durabo.eu\/en\/interaction\/","og_locale":"en_US","og_type":"article","og_title":"Interaction - DURABO","og_description":"InformationAbout UsTerms of servicePrivacy policyReturns and WithdrawalsPayment and shippingContactJoin the newsletterFollow us","og_url":"https:\/\/test.durabo.eu\/en\/interaction\/","og_site_name":"DURABO","article_publisher":"https:\/\/www.facebook.com\/durabopolska\/","article_modified_time":"2022-12-09T08:29:24+00:00","twitter_card":"summary_large_image","twitter_misc":{"Est. reading time":"2 minutes"},"schema":{"@context":"https:\/\/schema.org","@graph":[{"@type":"WebPage","@id":"https:\/\/test.durabo.eu\/en\/interaction\/","url":"https:\/\/test.durabo.eu\/en\/interaction\/","name":"Interaction - DURABO","isPartOf":{"@id":"https:\/\/test.durabo.eu\/en\/#website"},"datePublished":"2022-11-02T20:08:57+00:00","dateModified":"2022-12-09T08:29:24+00:00","breadcrumb":{"@id":"https:\/\/test.durabo.eu\/en\/interaction\/#breadcrumb"},"inLanguage":"en-US","potentialAction":[{"@type":"ReadAction","target":["https:\/\/test.durabo.eu\/en\/interaction\/"]}]},{"@type":"BreadcrumbList","@id":"https:\/\/test.durabo.eu\/en\/interaction\/#breadcrumb","itemListElement":[{"@type":"ListItem","position":1,"name":"Home","item":"https:\/\/test.durabo.eu\/en\/"},{"@type":"ListItem","position":2,"name":"Interaction"}]},{"@type":"WebSite","@id":"https:\/\/test.durabo.eu\/en\/#website","url":"https:\/\/test.durabo.eu\/en\/","name":"DURABO","description":"Odzie\u017c outdoor i taktyczna","publisher":{"@id":"https:\/\/test.durabo.eu\/en\/#organization"},"potentialAction":[{"@type":"SearchAction","target":{"@type":"EntryPoint","urlTemplate":"https:\/\/test.durabo.eu\/en\/?s={search_term_string}"},"query-input":"required name=search_term_string"}],"inLanguage":"en-US"},{"@type":"Organization","@id":"https:\/\/test.durabo.eu\/en\/#organization","name":"DURABO","url":"https:\/\/test.durabo.eu\/en\/","logo":{"@type":"ImageObject","inLanguage":"en-US","@id":"https:\/\/test.durabo.eu\/en\/#\/schema\/logo\/image\/","url":"https:\/\/durabo.eu\/wp-content\/uploads\/2022\/08\/logo-durabo-black.png","contentUrl":"https:\/\/durabo.eu\/wp-content\/uploads\/2022\/08\/logo-durabo-black.png","width":300,"height":59,"caption":"DURABO"},"image":{"@id":"https:\/\/test.durabo.eu\/en\/#\/schema\/logo\/image\/"},"sameAs":["https:\/\/www.facebook.com\/durabopolska\/"]}]}},"_links":{"self":[{"href":"https:\/\/test.durabo.eu\/en\/wp-json\/wp\/v2\/pages\/8026"}],"collection":[{"href":"https:\/\/test.durabo.eu\/en\/wp-json\/wp\/v2\/pages"}],"about":[{"href":"https:\/\/test.durabo.eu\/en\/wp-json\/wp\/v2\/types\/page"}],"author":[{"embeddable":true,"href":"https:\/\/test.durabo.eu\/en\/wp-json\/wp\/v2\/users\/1"}],"replies":[{"embeddable":true,"href":"https:\/\/test.durabo.eu\/en\/wp-json\/wp\/v2\/comments?post=8026"}],"version-history":[{"count":0,"href":"https:\/\/test.durabo.eu\/en\/wp-json\/wp\/v2\/pages\/8026\/revisions"}],"wp:attachment":[{"href":"https:\/\/test.durabo.eu\/en\/wp-json\/wp\/v2\/media?parent=8026"}],"curies":[{"name":"wp","href":"https:\/\/api.w.org\/{rel}","templated":true}]}}