{"id":8024,"date":"2022-09-14T17:38:16","date_gmt":"2022-09-14T15:38:16","guid":{"rendered":"https:\/\/durabo.eu\/distribution\/"},"modified":"2023-05-30T23:57:25","modified_gmt":"2023-05-30T21:57:25","slug":"distribution","status":"publish","type":"page","link":"https:\/\/test.durabo.eu\/en\/distribution\/","title":{"rendered":"Find Us!"},"content":{"rendered":"<p>[et_pb_section fb_built=&#8221;1&#8243; custom_padding_last_edited=&#8221;off|desktop&#8221; admin_label=&#8221;Header&#8221; _builder_version=&#8221;4.18.0&#8243; _module_preset=&#8221;default&#8221; background_color=&#8221;#f2f2f2&#8243; background_color_gradient_direction=&#8221;60deg&#8221; background_color_gradient_start=&#8221;#efe8ff&#8221; background_color_gradient_end=&#8221;#bac7ff&#8221; background_enable_image=&#8221;off&#8221; background_size=&#8221;contain&#8221; background_position=&#8221;bottom_left&#8221; custom_padding=&#8221;3vw||1px||false|false&#8221; custom_padding_tablet=&#8221;80px||||false|false&#8221; custom_padding_phone=&#8221;60px||||false|false&#8221; background_last_edited=&#8221;off|desktop&#8221; use_background_color_gradient_tablet=&#8221;on&#8221; background_color_gradient_stops_tablet=&#8221;rgba(255,255,255,0.5) 0%|rgba(255,255,255,0.5) 100%&#8221; background_color_gradient_start_tablet=&#8221;rgba(255,255,255,0.5)&#8221; background_color_gradient_end_tablet=&#8221;rgba(255,255,255,0.5)&#8221; global_module=&#8221;1087&#8243; saved_tabs=&#8221;all&#8221; global_colors_info=&#8221;{}&#8221;][et_pb_row _builder_version=&#8221;4.18.1&#8243; _module_preset=&#8221;default&#8221; global_colors_info=&#8221;{}&#8221;][et_pb_column type=&#8221;4_4&#8243; _builder_version=&#8221;4.18.1&#8243; _module_preset=&#8221;default&#8221; global_colors_info=&#8221;{}&#8221;][et_pb_post_title meta=&#8221;off&#8221; featured_image=&#8221;off&#8221; _builder_version=&#8221;4.18.1&#8243; _module_preset=&#8221;default&#8221; title_font_size=&#8221;39px&#8221; global_colors_info=&#8221;{}&#8221;][\/et_pb_post_title][\/et_pb_column][\/et_pb_row][\/et_pb_section][et_pb_section fb_built=&#8221;1&#8243; _builder_version=&#8221;4.18.1&#8243; _module_preset=&#8221;default&#8221; custom_padding=&#8221;3px||7px|||&#8221; global_colors_info=&#8221;{}&#8221;][et_pb_row _builder_version=&#8221;4.18.1&#8243; _module_preset=&#8221;default&#8221; global_colors_info=&#8221;{}&#8221;][et_pb_column type=&#8221;4_4&#8243; _builder_version=&#8221;4.18.1&#8243; _module_preset=&#8221;default&#8221; global_colors_info=&#8221;{}&#8221;][et_pb_text _builder_version=&#8221;4.18.1&#8243; _module_preset=&#8221;default&#8221; custom_padding=&#8221;||5px|||&#8221; global_colors_info=&#8221;{}&#8221;]<\/p>\n<h2><strong>List of our distributors<\/strong><\/h2>\n<p>[\/et_pb_text][et_pb_map address=&#8221;Toru\u0144, Poland&#8221; zoom_level=&#8221;6&#8243; address_lat=&#8221;51.889035199593&#8243; address_lng=&#8221;19.47734995&#8243; admin_label=&#8221;Mapa dystrybutor\u00f3w&#8221; _builder_version=&#8221;4.20.0&#8243; _module_preset=&#8221;default&#8221; min_height=&#8221;450px&#8221; height=&#8221;555px&#8221; child_filter_saturate=&#8221;0%&#8221; child_filter_brightness=&#8221;77%&#8221; child_filter_contrast=&#8221;132%&#8221; child_filter_invert=&#8221;100%&#8221; hover_enabled=&#8221;0&#8243; global_colors_info=&#8221;{}&#8221; sticky_enabled=&#8221;0&#8243;][et_pb_map_pin title=&#8221;DURABO \u2013 Main Office&#8221; pin_address=&#8221;Boles\u0142awa Chrobrego 97, 87-100 Toru\u0144, Poland&#8221; pin_address_lat=&#8221;53.0308136&#8243; pin_address_lng=&#8221;18.6296718&#8243; _builder_version=&#8221;4.18.1&#8243; _module_preset=&#8221;default&#8221; global_colors_info=&#8221;{}&#8221;]<\/p>\n<p style=\"font-weight: 400;\">Chrobrego 97, 87-100 Toru\u0144<\/p>\n<p style=\"font-weight: 400;\"><a href=\"mailto:durabo@durabo.com.pl\">durabo@durabo.com.pl<\/a><\/p>\n<p style=\"font-weight: 400;\"><a href=\"https:\/\/durabo.eu\/en\/\">https:\/\/durabo.eu\/<\/a><\/p>\n<p style=\"font-weight: 400;\">+48 663 914 458<\/p>\n<p style=\"font-weight: 400;\">[\/et_pb_map_pin][et_pb_map_pin title=&#8221;Pentagon&#8221; pin_address=&#8221;M\u0142y\u0144ska 17, 40-097 Katowice, Poland&#8221; pin_address_lat=&#8221;50.2588226&#8243; pin_address_lng=&#8221;19.0190997&#8243; _builder_version=&#8221;4.18.1&#8243; _module_preset=&#8221;default&#8221; global_colors_info=&#8221;{}&#8221;]<\/p>\n<p style=\"font-weight: 400;\">M\u0142y\u0144ska 17, 40-098 Katowice<\/p>\n<p style=\"font-weight: 400;\"><a href=\"mailto:info@pentagon.pl\">info@pentagon.pl<\/a><\/p>\n<p style=\"font-weight: 400;\"><a href=\"https:\/\/pentagon.pl\/\">https:\/\/pentagon.pl\/<\/a><\/p>\n<p style=\"font-weight: 400;\">+48 512 247 140<\/p>\n<p>[\/et_pb_map_pin][et_pb_map_pin title=&#8221;Predathor&#8221; pin_address=&#8221;Ogrodowa 4, 00-899 Warszawa, Poland&#8221; pin_address_lat=&#8221;52.2404584&#8243; pin_address_lng=&#8221;20.9935284&#8243; _builder_version=&#8221;4.18.1&#8243; _module_preset=&#8221;default&#8221; global_colors_info=&#8221;{}&#8221;]<\/p>\n<p>Ogrodowa 4 00-896 Warszawa<\/p>\n<p style=\"font-weight: 400;\"><a href=\"mailto:kontakt@predathor.pl\">kontakt@predathor.pl<\/a><\/p>\n<p style=\"font-weight: 400;\"><a href=\"https:\/\/predathor.pl\/\">https:\/\/predathor.pl\/<\/a><\/p>\n<p style=\"font-weight: 400;\">+48 698 110 799<\/p>\n<p>[\/et_pb_map_pin][et_pb_map_pin title=&#8221;ProshopTC&#8221; pin_address=&#8221;Ko\u015bcierzy\u0144ska 32, 51-430 Wroc\u0142aw, Polska&#8221; pin_address_lat=&#8221;51.1315459&#8243; pin_address_lng=&#8221;17.0845792&#8243; _builder_version=&#8221;4.20.0&#8243; _module_preset=&#8221;default&#8221; global_colors_info=&#8221;{}&#8221;]<\/p>\n<p style=\"font-weight: 400;\">Ko\u015bcierzy\u0144ska 32, 51-430 Wroc\u0142aw<\/p>\n<p style=\"font-weight: 400;\"><a href=\"mailto:sklep@proshoptc.com\">sklep@proshoptc.com<\/a><\/p>\n<p style=\"font-weight: 400;\"><a href=\"https:\/\/proshoptc.com\/\">https:\/\/proshoptc.com\/<\/a><\/p>\n<p style=\"font-weight: 400;\">+48 795 795 900<\/p>\n<p>[\/et_pb_map_pin][et_pb_map_pin title=&#8221;Shotbom&#8221; pin_address=&#8221;Wrzosowa 35, 98-100 \u0141ask, Poland&#8221; pin_address_lat=&#8221;51.620987&#8243; pin_address_lng=&#8221;19.1971037&#8243; _builder_version=&#8221;4.18.1&#8243; _module_preset=&#8221;default&#8221; global_colors_info=&#8221;{}&#8221;]<\/p>\n<p>Wrzosowa 35, 98-100 \u0141ask \u2013 Kolumna<\/p>\n<p style=\"font-weight: 400;\"><a href=\"mailto:biuro@shotbom.pl\">biuro@shotbom.pl<\/a><\/p>\n<p style=\"font-weight: 400;\"><a href=\"https:\/\/shotbom.pl\/\">https:\/\/shotbom.pl\/<\/a><\/p>\n<p style=\"font-weight: 400;\">+48 512 730 267<\/p>\n<p>[\/et_pb_map_pin][et_pb_map_pin title=&#8221;QTactical&#8221; pin_address=&#8221;Bruzdowa 23E, 02-991 Warszawa, Poland&#8221; pin_address_lat=&#8221;52.1479939&#8243; pin_address_lng=&#8221;21.1334868&#8243; _builder_version=&#8221;4.18.1&#8243; _module_preset=&#8221;default&#8221; global_colors_info=&#8221;{}&#8221;]<\/p>\n<p style=\"font-weight: 400;\">Bruzdowa 23E, 02-994 Warszawa<\/p>\n<p style=\"font-weight: 400;\"><a href=\"mailto:kontakt@qtactical.pl\">kontakt@qtactical.pl<\/a><\/p>\n<p style=\"font-weight: 400;\"><a href=\"https:\/\/qtactical.pl\/\">https:\/\/qtactical.pl\/<\/a><\/p>\n<p style=\"font-weight: 400;\">+48 505 431 886<\/p>\n<p>[\/et_pb_map_pin][et_pb_map_pin title=&#8221;4Tactical&#8221; pin_address=&#8221;Aleja J\u00f3zefa Pi\u0142sudskiego 18, 20-011 Lublin, Poland&#8221; pin_address_lat=&#8221;51.2407614&#8243; pin_address_lng=&#8221;22.5572013&#8243; _builder_version=&#8221;4.19.2&#8243; _module_preset=&#8221;default&#8221; global_colors_info=&#8221;{}&#8221;]<\/p>\n<p style=\"font-weight: 400;\">Aleja J\u00f3zefa Pi\u0142sudskiego 18, 20-011 Lublin<\/p>\n<p style=\"font-weight: 400;\"><a href=\"mailto:sklep@4tactical.pl\">sklep@4tactical.pl<\/a><\/p>\n<p style=\"font-weight: 400;\"><a href=\"https:\/\/4tactical.pl\/\">https:\/\/4tactical.pl\/<\/a><\/p>\n<p style=\"font-weight: 400;\">+48 507 875 555<\/p>\n<p style=\"font-weight: 400;\">[\/et_pb_map_pin][et_pb_map_pin title=&#8221;GardaArms&#8221; pin_address=&#8221;plac Kaszubski 15, 81-350 Gdynia, Poland&#8221; pin_address_lat=&#8221;54.522443&#8243; pin_address_lng=&#8221;18.5434999&#8243; _builder_version=&#8221;4.18.1&#8243; _module_preset=&#8221;default&#8221; global_colors_info=&#8221;{}&#8221;]<\/p>\n<p style=\"font-weight: 400;\">Plac Kaszubski 15\/3, 81-350 Gdynia<\/p>\n<p style=\"font-weight: 400;\"><a href=\"mailto:sklep@gardaarms.pl\">sklep@gardaarms.pl<\/a><\/p>\n<p style=\"font-weight: 400;\"><a href=\"https:\/\/www.gardaarms.pl\/\">https:\/\/www.gardaarms.pl\/<\/a><\/p>\n<p style=\"font-weight: 400;\">+48 605 150 436<\/p>\n<p>[\/et_pb_map_pin][et_pb_map_pin title=&#8221;Gunpro&#8221; pin_address=&#8221;Stanis\u0142awa Moniuszki 30, 87-100 Toru\u0144, Poland&#8221; pin_address_lat=&#8221;53.0136975&#8243; pin_address_lng=&#8221;18.593996&#8243; _builder_version=&#8221;4.18.1&#8243; _module_preset=&#8221;default&#8221; global_colors_info=&#8221;{}&#8221;]<\/p>\n<p style=\"font-weight: 400;\">Moniuszki 30\/13, 87-100 Toru\u0144<\/p>\n<p style=\"font-weight: 400;\"><a href=\"mailto:kontakt@gunpro.pl\">kontakt@gunpro.pl<\/a><\/p>\n<p style=\"font-weight: 400;\"><a href=\"https:\/\/gunpro.pl\/\">https:\/\/gunpro.pl\/<\/a><\/p>\n<p style=\"font-weight: 400;\">+48 535 723 535<\/p>\n<p>[\/et_pb_map_pin][et_pb_map_pin title=&#8221;Gunfire&#8221; pin_address=&#8221;Jana D\u0142ugosza 42-46\/budynek A, 51-162 Wroc\u0142aw, Poland&#8221; pin_address_lat=&#8221;51.1341138&#8243; pin_address_lng=&#8221;17.0632412&#8243; _builder_version=&#8221;4.18.1&#8243; _module_preset=&#8221;default&#8221; global_colors_info=&#8221;{}&#8221;]<\/p>\n<p style=\"font-weight: 400;\"><a href=\"https:\/\/gunfire.com\/\">https:\/\/gunfire.com<\/a><\/p>\n<p style=\"font-weight: 400;\"><a href=\"mailto:bok@gunfire.com\">bok@gunfire.com<\/a><\/p>\n<p style=\"font-weight: 400;\">+48 71 321 03 78<\/p>\n<p>[\/et_pb_map_pin][et_pb_map_pin title=&#8221;Laki Strza\u0142&#8221; pin_address=&#8221;Unnamed Road, 32-075 Mak\u00f3w, Poland&#8221; pin_address_lat=&#8221;50.3710972&#8243; pin_address_lng=&#8221;19.9002887&#8243; _builder_version=&#8221;4.18.1&#8243; _module_preset=&#8221;default&#8221; global_colors_info=&#8221;{}&#8221;]<\/p>\n<p style=\"font-weight: 400;\">Strzelnica Laki Strza\u0142, 32-075 Mak\u00f3w<\/p>\n<p style=\"font-weight: 400;\"><a href=\"mailto:panocek78@interia.eu\">panocek78@interia.eu<\/a><\/p>\n<p style=\"font-weight: 400;\">+48 509 437 848<\/p>\n<p>[\/et_pb_map_pin][et_pb_map_pin title=&#8221;Strzelnica HUSAR&#8221; pin_address=&#8221;3WQP+VJ, 36-054 Rudna Wielka, Poland&#8221; pin_address_lat=&#8221;50.0897066&#8243; pin_address_lng=&#8221;21.9365732&#8243; _builder_version=&#8221;4.19.2&#8243; _module_preset=&#8221;default&#8221; global_colors_info=&#8221;{}&#8221;]<\/p>\n<p><span>36-054 Rudna Wielka<\/span><\/p>\n<p><a href=\"https:\/\/www.strzelnicarzeszow.pl\">https:\/\/www.strzelnicarzeszow.pl\/<\/a><\/p>\n<p><span>tel. 664 066 654<\/span><\/p>\n<p>&nbsp;<\/p>\n<p>[\/et_pb_map_pin][et_pb_map_pin title=&#8221;Militaria.pl &#8211; sklep internetowy&#8221; pin_address=&#8221;O\u0142awska 16, 50-148 Wroc\u0142aw, Polska&#8221; pin_address_lat=&#8221;51.1084611&#8243; pin_address_lng=&#8221;17.0357788&#8243; _builder_version=&#8221;4.20.0&#8243; _module_preset=&#8221;default&#8221; global_colors_info=&#8221;{}&#8221;]<\/p>\n<p><a href=\"https:\/\/www.militaria.pl\/\">https:\/\/www.militaria.pl\/<\/a><\/p>\n<p><span>Street O\u0142awska 16 50-123 Wroc\u0142aw<\/span><\/p>\n<p><a href=\"tel:713474749\" data-tooltip=\"Zadzwo\u0144 i zam\u00f3w\" data-tooltip-position=\"top\" class=\"has-tooltip2\"><span>71 347 47 49<\/span><\/a><\/p>\n<p>[\/et_pb_map_pin][et_pb_map_pin _builder_version=&#8221;4.20.0&#8243; _module_preset=&#8221;default&#8221; title=&#8221;Szkolenia-strzeleckie.pl&#8221; hover_enabled=&#8221;0&#8243; sticky_enabled=&#8221;0&#8243; pin_address=&#8221;Chocianowicka 12, 93-460 \u0141\u00f3d\u017a, Polska&#8221; pin_address_lat=&#8221;51.7065938&#8243; pin_address_lng=&#8221;19.4189001&#8243;]<\/p>\n<p><a href=\"https:\/\/szkolenia-strzeleckie.pl\/\">https:\/\/szkolenia-strzeleckie.pl\/<\/a><\/p>\n<p>Ul. Chocianowicka 12<\/p>\n<p>93-460 \u0141\u00f3d\u017a<\/p>\n<p><span>+48 665 356 088<\/span><\/p>\n<p><span><a href=\"mailto:arm@armirowski.pl\">arm@armirowski.pl<\/a><\/span><\/p>\n<p>[\/et_pb_map_pin][\/et_pb_map][\/et_pb_column][\/et_pb_row][\/et_pb_section][et_pb_section fb_built=&#8221;1&#8243; _builder_version=&#8221;4.18.1&#8243; _module_preset=&#8221;default&#8221; background_color=&#8221;#f2f2f2&#8243; custom_margin=&#8221;-12px|||||&#8221; custom_padding=&#8221;4px|||||&#8221; global_colors_info=&#8221;{}&#8221;][et_pb_row _builder_version=&#8221;4.18.1&#8243; _module_preset=&#8221;default&#8221; global_colors_info=&#8221;{}&#8221;][et_pb_column type=&#8221;4_4&#8243; _builder_version=&#8221;4.18.1&#8243; _module_preset=&#8221;default&#8221; global_colors_info=&#8221;{}&#8221;][et_pb_text _builder_version=&#8221;4.18.1&#8243; _module_preset=&#8221;default&#8221; global_colors_info=&#8221;{}&#8221;]<\/p>\n<h3><span>If you want to become our distributor, click for more information<\/span><\/h3>\n<p>[\/et_pb_text][et_pb_button button_url=&#8221;@ET-DC@eyJkeW5hbWljIjp0cnVlLCJjb250ZW50IjoicG9zdF9saW5rX3VybF9wYWdlIiwic2V0dGluZ3MiOnsicG9zdF9pZCI6IjgwMDMifX0=@&#8221; button_text=&#8221;Read more&#8221; _builder_version=&#8221;4.18.1&#8243; _dynamic_attributes=&#8221;button_url&#8221; _module_preset=&#8221;default&#8221; global_colors_info=&#8221;{}&#8221;][\/et_pb_button][\/et_pb_column][\/et_pb_row][\/et_pb_section]<\/p>\n","protected":false},"excerpt":{"rendered":"<p>List of our distributorsChrobrego 97, 87-100 Toru\u0144 durabo@durabo.com.pl https:\/\/durabo.eu\/ +48 663 914 458 M\u0142y\u0144ska 17, 40-098 Katowice info@pentagon.pl https:\/\/pentagon.pl\/ +48 512 247 140Ogrodowa 4 00-896 Warszawa kontakt@predathor.pl https:\/\/predathor.pl\/ +48 698 110 799Ko\u015bcierzy\u0144ska 32, 51-430 Wroc\u0142aw sklep@proshoptc.com https:\/\/proshoptc.com\/ +48 795 795 900Wrzosowa 35, 98-100 \u0141ask \u2013 Kolumna biuro@shotbom.pl https:\/\/shotbom.pl\/ +48 512 730 267Bruzdowa 23E, 02-994 Warszawa [&hellip;]<\/p>\n","protected":false},"author":1,"featured_media":0,"parent":0,"menu_order":0,"comment_status":"closed","ping_status":"closed","template":"","meta":{"_et_pb_use_builder":"on","_et_pb_old_content":"","_et_gb_content_width":"","footnotes":""},"yoast_head":"<!-- This site is optimized with the Yoast SEO plugin v23.0 - https:\/\/yoast.com\/wordpress\/plugins\/seo\/ -->\n<title>Find Us! - DURABO<\/title>\n<meta name=\"robots\" content=\"noindex, follow\" \/>\n<meta property=\"og:locale\" content=\"en_US\" \/>\n<meta property=\"og:type\" content=\"article\" \/>\n<meta property=\"og:title\" content=\"Find Us! - DURABO\" \/>\n<meta property=\"og:description\" content=\"InformationAbout UsTerms of servicePrivacy policyReturns and WithdrawalsPayment and shippingContactJoin the newsletterFollow us\" \/>\n<meta property=\"og:url\" content=\"https:\/\/test.durabo.eu\/en\/distribution\/\" \/>\n<meta property=\"og:site_name\" content=\"DURABO\" \/>\n<meta property=\"article:publisher\" content=\"https:\/\/www.facebook.com\/durabopolska\/\" \/>\n<meta property=\"article:modified_time\" content=\"2023-05-30T21:57:25+00:00\" \/>\n<meta name=\"twitter:card\" content=\"summary_large_image\" \/>\n<meta name=\"twitter:label1\" content=\"Est. reading time\" \/>\n\t<meta name=\"twitter:data1\" content=\"5 minutes\" \/>\n<script type=\"application\/ld+json\" class=\"yoast-schema-graph\">{\"@context\":\"https:\/\/schema.org\",\"@graph\":[{\"@type\":\"WebPage\",\"@id\":\"https:\/\/test.durabo.eu\/en\/distribution\/\",\"url\":\"https:\/\/test.durabo.eu\/en\/distribution\/\",\"name\":\"Find Us! - DURABO\",\"isPartOf\":{\"@id\":\"https:\/\/test.durabo.eu\/en\/#website\"},\"datePublished\":\"2022-09-14T15:38:16+00:00\",\"dateModified\":\"2023-05-30T21:57:25+00:00\",\"breadcrumb\":{\"@id\":\"https:\/\/test.durabo.eu\/en\/distribution\/#breadcrumb\"},\"inLanguage\":\"en-US\",\"potentialAction\":[{\"@type\":\"ReadAction\",\"target\":[\"https:\/\/test.durabo.eu\/en\/distribution\/\"]}]},{\"@type\":\"BreadcrumbList\",\"@id\":\"https:\/\/test.durabo.eu\/en\/distribution\/#breadcrumb\",\"itemListElement\":[{\"@type\":\"ListItem\",\"position\":1,\"name\":\"Home\",\"item\":\"https:\/\/test.durabo.eu\/en\/\"},{\"@type\":\"ListItem\",\"position\":2,\"name\":\"Find Us!\"}]},{\"@type\":\"WebSite\",\"@id\":\"https:\/\/test.durabo.eu\/en\/#website\",\"url\":\"https:\/\/test.durabo.eu\/en\/\",\"name\":\"DURABO\",\"description\":\"Odzie\u017c outdoor i taktyczna\",\"publisher\":{\"@id\":\"https:\/\/test.durabo.eu\/en\/#organization\"},\"potentialAction\":[{\"@type\":\"SearchAction\",\"target\":{\"@type\":\"EntryPoint\",\"urlTemplate\":\"https:\/\/test.durabo.eu\/en\/?s={search_term_string}\"},\"query-input\":\"required name=search_term_string\"}],\"inLanguage\":\"en-US\"},{\"@type\":\"Organization\",\"@id\":\"https:\/\/test.durabo.eu\/en\/#organization\",\"name\":\"DURABO\",\"url\":\"https:\/\/test.durabo.eu\/en\/\",\"logo\":{\"@type\":\"ImageObject\",\"inLanguage\":\"en-US\",\"@id\":\"https:\/\/test.durabo.eu\/en\/#\/schema\/logo\/image\/\",\"url\":\"https:\/\/durabo.eu\/wp-content\/uploads\/2022\/08\/logo-durabo-black.png\",\"contentUrl\":\"https:\/\/durabo.eu\/wp-content\/uploads\/2022\/08\/logo-durabo-black.png\",\"width\":300,\"height\":59,\"caption\":\"DURABO\"},\"image\":{\"@id\":\"https:\/\/test.durabo.eu\/en\/#\/schema\/logo\/image\/\"},\"sameAs\":[\"https:\/\/www.facebook.com\/durabopolska\/\"]}]}<\/script>\n<!-- \/ Yoast SEO plugin. -->","yoast_head_json":{"title":"Find Us! - DURABO","robots":{"index":"noindex","follow":"follow"},"og_locale":"en_US","og_type":"article","og_title":"Find Us! - DURABO","og_description":"InformationAbout UsTerms of servicePrivacy policyReturns and WithdrawalsPayment and shippingContactJoin the newsletterFollow us","og_url":"https:\/\/test.durabo.eu\/en\/distribution\/","og_site_name":"DURABO","article_publisher":"https:\/\/www.facebook.com\/durabopolska\/","article_modified_time":"2023-05-30T21:57:25+00:00","twitter_card":"summary_large_image","twitter_misc":{"Est. reading time":"5 minutes"},"schema":{"@context":"https:\/\/schema.org","@graph":[{"@type":"WebPage","@id":"https:\/\/test.durabo.eu\/en\/distribution\/","url":"https:\/\/test.durabo.eu\/en\/distribution\/","name":"Find Us! - DURABO","isPartOf":{"@id":"https:\/\/test.durabo.eu\/en\/#website"},"datePublished":"2022-09-14T15:38:16+00:00","dateModified":"2023-05-30T21:57:25+00:00","breadcrumb":{"@id":"https:\/\/test.durabo.eu\/en\/distribution\/#breadcrumb"},"inLanguage":"en-US","potentialAction":[{"@type":"ReadAction","target":["https:\/\/test.durabo.eu\/en\/distribution\/"]}]},{"@type":"BreadcrumbList","@id":"https:\/\/test.durabo.eu\/en\/distribution\/#breadcrumb","itemListElement":[{"@type":"ListItem","position":1,"name":"Home","item":"https:\/\/test.durabo.eu\/en\/"},{"@type":"ListItem","position":2,"name":"Find Us!"}]},{"@type":"WebSite","@id":"https:\/\/test.durabo.eu\/en\/#website","url":"https:\/\/test.durabo.eu\/en\/","name":"DURABO","description":"Odzie\u017c outdoor i taktyczna","publisher":{"@id":"https:\/\/test.durabo.eu\/en\/#organization"},"potentialAction":[{"@type":"SearchAction","target":{"@type":"EntryPoint","urlTemplate":"https:\/\/test.durabo.eu\/en\/?s={search_term_string}"},"query-input":"required name=search_term_string"}],"inLanguage":"en-US"},{"@type":"Organization","@id":"https:\/\/test.durabo.eu\/en\/#organization","name":"DURABO","url":"https:\/\/test.durabo.eu\/en\/","logo":{"@type":"ImageObject","inLanguage":"en-US","@id":"https:\/\/test.durabo.eu\/en\/#\/schema\/logo\/image\/","url":"https:\/\/durabo.eu\/wp-content\/uploads\/2022\/08\/logo-durabo-black.png","contentUrl":"https:\/\/durabo.eu\/wp-content\/uploads\/2022\/08\/logo-durabo-black.png","width":300,"height":59,"caption":"DURABO"},"image":{"@id":"https:\/\/test.durabo.eu\/en\/#\/schema\/logo\/image\/"},"sameAs":["https:\/\/www.facebook.com\/durabopolska\/"]}]}},"_links":{"self":[{"href":"https:\/\/test.durabo.eu\/en\/wp-json\/wp\/v2\/pages\/8024"}],"collection":[{"href":"https:\/\/test.durabo.eu\/en\/wp-json\/wp\/v2\/pages"}],"about":[{"href":"https:\/\/test.durabo.eu\/en\/wp-json\/wp\/v2\/types\/page"}],"author":[{"embeddable":true,"href":"https:\/\/test.durabo.eu\/en\/wp-json\/wp\/v2\/users\/1"}],"replies":[{"embeddable":true,"href":"https:\/\/test.durabo.eu\/en\/wp-json\/wp\/v2\/comments?post=8024"}],"version-history":[{"count":0,"href":"https:\/\/test.durabo.eu\/en\/wp-json\/wp\/v2\/pages\/8024\/revisions"}],"wp:attachment":[{"href":"https:\/\/test.durabo.eu\/en\/wp-json\/wp\/v2\/media?parent=8024"}],"curies":[{"name":"wp","href":"https:\/\/api.w.org\/{rel}","templated":true}]}}