{"id":10345,"date":"2023-05-30T19:29:28","date_gmt":"2023-05-30T17:29:28","guid":{"rendered":"https:\/\/durabo.eu\/blouses\/tactical-blouse\/"},"modified":"2023-07-26T08:20:32","modified_gmt":"2023-07-26T06:20:32","slug":"tactical-blouse","status":"publish","type":"page","link":"https:\/\/test.durabo.eu\/en\/blouses-2\/tactical-blouse\/","title":{"rendered":"Tactical blouse"},"content":{"rendered":"<p>[et_pb_section fb_built=&#8221;1&#8243; admin_label=&#8221;Sekcja&#8221; _builder_version=&#8221;4.18.0&#8243; _module_preset=&#8221;default&#8221; min_height=&#8221;41.4px&#8221; custom_padding=&#8221;0px||0px|||&#8221; global_colors_info=&#8221;{}&#8221;][et_pb_row _builder_version=&#8221;4.18.0&#8243; _module_preset=&#8221;default&#8221; custom_padding=&#8221;0px||0px||false|false&#8221; global_colors_info=&#8221;{}&#8221;][et_pb_column type=&#8221;4_4&#8243; _builder_version=&#8221;4.18.0&#8243; _module_preset=&#8221;default&#8221; background_color=&#8221;RGBA(255,255,255,0)&#8221; background_enable_image=&#8221;off&#8221; parallax=&#8221;on&#8221; global_colors_info=&#8221;{}&#8221;][et_pb_image src=&#8221;http:\/\/durabo.eu\/wp-content\/uploads\/2022\/09\/cat_hoodie.jpg&#8221; title_text=&#8221;cat_hoodie&#8221; _builder_version=&#8221;4.18.0&#8243; _module_preset=&#8221;default&#8221; global_colors_info=&#8221;{}&#8221;][\/et_pb_image][et_pb_post_title meta=&#8221;off&#8221; featured_image=&#8221;off&#8221; text_color=&#8221;light&#8221; _builder_version=&#8221;4.21.0&#8243; _module_preset=&#8221;default&#8221; title_font=&#8221;Cairo|700|||||||&#8221; title_font_size=&#8221;74px&#8221; background_color=&#8221;RGBA(255,255,255,0)&#8221; custom_margin=&#8221;-120px|||25px|false|false&#8221; custom_margin_tablet=&#8221;-120px|||25px|false|false&#8221; custom_margin_phone=&#8221;-100px|||25px|false|false&#8221; custom_margin_last_edited=&#8221;on|phone&#8221; title_font_size_tablet=&#8221;70px&#8221; title_font_size_phone=&#8221;54px&#8221; title_font_size_last_edited=&#8221;on|desktop&#8221; text_shadow_style=&#8221;preset3&#8243; global_module=&#8221;1595&#8243; saved_tabs=&#8221;all&#8221; global_colors_info=&#8221;{}&#8221;][\/et_pb_post_title][et_pb_text _builder_version=&#8221;4.21.0&#8243; _module_preset=&#8221;default&#8221; hover_enabled=&#8221;0&#8243; global_colors_info=&#8221;{}&#8221; sticky_enabled=&#8221;0&#8243;]<\/p>\n<p><a href=\"https:\/\/durabo.eu\/en\/produkt\/super-macv\/\"><b>Bluza taktyczna SUPER MAC V<\/b><\/a><span style=\"font-weight: 400;\"> to doskona\u0142e po\u0142\u0105czenie funkcjonalno\u015bci i stylu dla os\u00f3b zwi\u0105zanych z zawodami mundurowymi oraz innych profesjonalist\u00f3w. Zaprojektowana zosta\u0142a z my\u015bl\u0105 o wymagaj\u0105cych warunkach. Ta <\/span><b>bluza taktyczna<\/b><span style=\"font-weight: 400;\"> to nie tylko ubranie, ale tak\u017ce niezast\u0105piony sprzymierzeniec w trudnych sytuacjach. Pocz\u0105wszy od materia\u0142\u00f3w u\u017cytych do produkcji, <\/span><b>bluza taktyczna wojskowa<\/b><span style=\"font-weight: 400;\"> jest wykonana z wytrzyma\u0142ego i odpornego na \u015bcieranie materia\u0142u, zapewniaj\u0105c niezwyk\u0142\u0105 trwa\u0142o\u015b\u0107 i wytrzyma\u0142o\u015b\u0107 na lata. Bez wzgl\u0119du na to, czy jeste\u015b na poligonie, w terenie, czy te\u017c po prostu chcesz czu\u0107 si\u0119 pewnie i bezpiecznie, ta <\/span><b>bluza taktyczna <\/b>w kolorze Olive<span style=\"font-weight: 400;\"> b\u0119dzie Ci towarzyszy\u0107 przez wiele lat.<\/span><\/p>\n<p>[\/et_pb_text][\/et_pb_column][\/et_pb_row][\/et_pb_section][et_pb_section fb_built=&#8221;1&#8243; admin_label=&#8221;Shop&#8221; _builder_version=&#8221;4.16&#8243; _module_preset=&#8221;default&#8221; global_colors_info=&#8221;{}&#8221;][et_pb_row _builder_version=&#8221;4.16&#8243; _module_preset=&#8221;default&#8221; global_colors_info=&#8221;{}&#8221;][et_pb_column type=&#8221;4_4&#8243; _builder_version=&#8221;4.16&#8243; _module_preset=&#8221;default&#8221; global_colors_info=&#8221;{}&#8221;][et_pb_shop type=&#8221;product_category&#8221; include_categories=&#8221;214&#8243; icon_hover_color=&#8221;#000000&#8243; _builder_version=&#8221;4.21.0&#8243; _module_preset=&#8221;default&#8221; title_font=&#8221;Montserrat|700|||||||&#8221; title_font_size=&#8221;14px&#8221; title_line_height=&#8221;1.4em&#8221; price_font=&#8221;Montserrat|600|||||||&#8221; price_font_size=&#8221;11px&#8221; price_letter_spacing=&#8221;1px&#8221; title_font_size_tablet=&#8221;20px&#8221; title_font_size_phone=&#8221;16px&#8221; title_font_size_last_edited=&#8221;off|desktop&#8221; global_colors_info=&#8221;{}&#8221;][\/et_pb_shop][\/et_pb_column][\/et_pb_row][et_pb_row _builder_version=&#8221;4.21.0&#8243; _module_preset=&#8221;default&#8221;][et_pb_column _builder_version=&#8221;4.21.0&#8243; _module_preset=&#8221;default&#8221; type=&#8221;4_4&#8243;][et_pb_text _builder_version=&#8221;4.21.0&#8243; _module_preset=&#8221;default&#8221; hover_enabled=&#8221;0&#8243; sticky_enabled=&#8221;0&#8243;]<\/p>\n<h2><b>Bluza taktyczna wojskowa<\/b><span style=\"font-weight: 400;\"> &#8211; rys historyczny.<\/span><\/h2>\n<p>&nbsp;<\/p>\n<p><span style=\"font-weight: 400;\">Konflikt w Wietnamie da\u0142 pocz\u0105tek wielu ikonom militarnego stylu \u2013 jedn\u0105 z bardziej rozpoznawalnych jest model <\/span><a href=\"https:\/\/pl.wikipedia.org\/wiki\/Tropical_Combat_Uniform\"><span style=\"font-weight: 400;\">TCU<\/span><\/a><span style=\"font-weight: 400;\">(powszechnie znany jako mundur d\u017cunglowy).<br \/><\/span><span style=\"font-weight: 400;\">W szczeg\u00f3lno\u015bci jego wersje przerabiane przez agent\u00f3w MACV SOG ciesz\u0105 si\u0119 rosn\u0105c\u0105 popularno\u015bci\u0105. Nasi projektanci przerobili wersj\u0119 klasyczn\u0105 w uniwersaln\u0105 <\/span><b>bluz\u0119 taktyczn\u0105<\/b><span style=\"font-weight: 400;\">, kt\u00f3r\u0105 mo\u017cna z powodzeniem u\u017cywa\u0107 w pracy, na strzelnicy czy jako lekk\u0105 kurtk\u0119. <\/span> <span style=\"font-weight: 400;\"><br \/><\/span><span style=\"font-weight: 400;\">To stylowe po\u0142\u0105czenie praktyczno\u015bci, historii i stylu nazwali\u015bmy <\/span><b>SUPER MAC V<\/b><span style=\"font-weight: 400;\">!<\/span><\/p>\n<h2><b>Bluza m\u0119ska taktyczna<\/b><span style=\"font-weight: 400;\"> &#8211; zalety<\/span><\/h2>\n<p><span style=\"font-weight: 400;\">Praktyczno\u015b\u0107 to cecha tej <\/span><b>bluzy taktycznej<\/b><span style=\"font-weight: 400;\">, kt\u00f3ra przyci\u0105ga osoby zwi\u0105zane z prac\u0105 w trudnych warunkach. <\/span><b>Bluza taktyczna m\u0119ska<\/b><span style=\"font-weight: 400;\"> wyposa\u017cona jest w liczne kieszenie, jest idealna do przechowywania r\u00f3\u017cnego rodzaju wyposa\u017cenia taktycznego, narz\u0119dzi, komunikator\u00f3w czy map. Bez trudu pomie\u015bcisz w niej wszystko, czego potrzebujesz w trakcie dzia\u0142ania. Dzi\u0119ki temu mo\u017cesz si\u0119 skupi\u0107 na wykonywaniu swoich zada\u0144, nie martwi\u0105c si\u0119 o nic.<\/span><\/p>\n<p><span style=\"font-weight: 400;\">Nie mo\u017cna zapomnie\u0107 o atrakcyjnym wygl\u0105dzie tej <\/span><b>bluzy<\/b><span style=\"font-weight: 400;\">. Stylowy design,<\/span><b> kolor olive<\/b><span style=\"font-weight: 400;\"> i dopracowane detale nadaj\u0105 jej niezwyk\u0142ej elegancji. Niezale\u017cnie od tego, czy nosisz j\u0105 na co dzie\u0144, czy te\u017c podczas wykonywania obowi\u0105zk\u00f3w, zawsze czujesz si\u0119 gotowy do akcji.<br \/><\/span><span style=\"font-weight: 400;\"><br \/><\/span><span style=\"font-weight: 400;\">Podsumowuj\u0105c, nasza <\/span><b>bluza taktyczna m\u0119ska <\/b><span style=\"font-weight: 400;\">jest niezawodna, praktyczna, stylowa oraz gotowa sprosta\u0107 ka\u017cdemu wyzwaniu, kt\u00f3re stawia przed Tob\u0105 \u015bwiat.<\/span><\/p>\n<p>[\/et_pb_text][\/et_pb_column][\/et_pb_row][\/et_pb_section]<\/p>\n","protected":false},"excerpt":{"rendered":"<p>Bluza taktyczna SUPER MAC V to doskona\u0142e po\u0142\u0105czenie funkcjonalno\u015bci i stylu dla os\u00f3b zwi\u0105zanych z zawodami mundurowymi oraz innych profesjonalist\u00f3w. Zaprojektowana zosta\u0142a z my\u015bl\u0105 o wymagaj\u0105cych warunkach. Ta bluza taktyczna to nie tylko ubranie, ale tak\u017ce niezast\u0105piony sprzymierzeniec w trudnych sytuacjach. Pocz\u0105wszy od materia\u0142\u00f3w u\u017cytych do produkcji, bluza taktyczna wojskowa jest wykonana z wytrzyma\u0142ego i [&hellip;]<\/p>\n","protected":false},"author":1,"featured_media":0,"parent":13060,"menu_order":0,"comment_status":"closed","ping_status":"closed","template":"","meta":{"_et_pb_use_builder":"on","_et_pb_old_content":"","_et_gb_content_width":"","footnotes":""},"yoast_head":"<!-- This site is optimized with the Yoast SEO plugin v23.0 - https:\/\/yoast.com\/wordpress\/plugins\/seo\/ -->\n<title>Bluza taktyczna wojskowa - m\u0119ska | DURABO<\/title>\n<meta name=\"description\" content=\"Bluza taktyczna SUPER MAC V jako taktyczna m\u0119ska bluza wojskowa zosta\u0142a stworzona z my\u015bl\u0105 o profesjonalistach z najtrwalszych materia\u0142\u00f3w. Wejd\u017a i zobacz!\" \/>\n<meta name=\"robots\" content=\"index, follow, max-snippet:-1, max-image-preview:large, max-video-preview:-1\" \/>\n<link rel=\"canonical\" href=\"https:\/\/test.durabo.eu\/en\/blouses-2\/tactical-blouse\/\" \/>\n<meta property=\"og:locale\" content=\"en_US\" \/>\n<meta property=\"og:type\" content=\"article\" \/>\n<meta property=\"og:title\" content=\"Bluza taktyczna wojskowa - m\u0119ska | DURABO\" \/>\n<meta property=\"og:description\" content=\"Bluza taktyczna SUPER MAC V jako taktyczna m\u0119ska bluza wojskowa zosta\u0142a stworzona z my\u015bl\u0105 o profesjonalistach z najtrwalszych materia\u0142\u00f3w. Wejd\u017a i zobacz!\" \/>\n<meta property=\"og:url\" content=\"https:\/\/test.durabo.eu\/en\/blouses-2\/tactical-blouse\/\" \/>\n<meta property=\"og:site_name\" content=\"DURABO\" \/>\n<meta property=\"article:publisher\" content=\"https:\/\/www.facebook.com\/durabopolska\/\" \/>\n<meta property=\"article:modified_time\" content=\"2023-07-26T06:20:32+00:00\" \/>\n<meta name=\"twitter:card\" content=\"summary_large_image\" \/>\n<meta name=\"twitter:label1\" content=\"Est. reading time\" \/>\n\t<meta name=\"twitter:data1\" content=\"4 minutes\" \/>\n<script type=\"application\/ld+json\" class=\"yoast-schema-graph\">{\"@context\":\"https:\/\/schema.org\",\"@graph\":[{\"@type\":\"WebPage\",\"@id\":\"https:\/\/test.durabo.eu\/en\/blouses-2\/tactical-blouse\/\",\"url\":\"https:\/\/test.durabo.eu\/en\/blouses-2\/tactical-blouse\/\",\"name\":\"Bluza taktyczna wojskowa - m\u0119ska | DURABO\",\"isPartOf\":{\"@id\":\"https:\/\/test.durabo.eu\/en\/#website\"},\"datePublished\":\"2023-05-30T17:29:28+00:00\",\"dateModified\":\"2023-07-26T06:20:32+00:00\",\"description\":\"Bluza taktyczna SUPER MAC V jako taktyczna m\u0119ska bluza wojskowa zosta\u0142a stworzona z my\u015bl\u0105 o profesjonalistach z najtrwalszych materia\u0142\u00f3w. Wejd\u017a i zobacz!\",\"breadcrumb\":{\"@id\":\"https:\/\/test.durabo.eu\/en\/blouses-2\/tactical-blouse\/#breadcrumb\"},\"inLanguage\":\"en-US\",\"potentialAction\":[{\"@type\":\"ReadAction\",\"target\":[\"https:\/\/test.durabo.eu\/en\/blouses-2\/tactical-blouse\/\"]}]},{\"@type\":\"BreadcrumbList\",\"@id\":\"https:\/\/test.durabo.eu\/en\/blouses-2\/tactical-blouse\/#breadcrumb\",\"itemListElement\":[{\"@type\":\"ListItem\",\"position\":1,\"name\":\"Home\",\"item\":\"https:\/\/test.durabo.eu\/en\/\"},{\"@type\":\"ListItem\",\"position\":2,\"name\":\"Blouses\",\"item\":\"https:\/\/test.durabo.eu\/en\/blouses-2\/\"},{\"@type\":\"ListItem\",\"position\":3,\"name\":\"Tactical blouse\"}]},{\"@type\":\"WebSite\",\"@id\":\"https:\/\/test.durabo.eu\/en\/#website\",\"url\":\"https:\/\/test.durabo.eu\/en\/\",\"name\":\"DURABO\",\"description\":\"Odzie\u017c outdoor i taktyczna\",\"publisher\":{\"@id\":\"https:\/\/test.durabo.eu\/en\/#organization\"},\"potentialAction\":[{\"@type\":\"SearchAction\",\"target\":{\"@type\":\"EntryPoint\",\"urlTemplate\":\"https:\/\/test.durabo.eu\/en\/?s={search_term_string}\"},\"query-input\":\"required name=search_term_string\"}],\"inLanguage\":\"en-US\"},{\"@type\":\"Organization\",\"@id\":\"https:\/\/test.durabo.eu\/en\/#organization\",\"name\":\"DURABO\",\"url\":\"https:\/\/test.durabo.eu\/en\/\",\"logo\":{\"@type\":\"ImageObject\",\"inLanguage\":\"en-US\",\"@id\":\"https:\/\/test.durabo.eu\/en\/#\/schema\/logo\/image\/\",\"url\":\"https:\/\/durabo.eu\/wp-content\/uploads\/2022\/08\/logo-durabo-black.png\",\"contentUrl\":\"https:\/\/durabo.eu\/wp-content\/uploads\/2022\/08\/logo-durabo-black.png\",\"width\":300,\"height\":59,\"caption\":\"DURABO\"},\"image\":{\"@id\":\"https:\/\/test.durabo.eu\/en\/#\/schema\/logo\/image\/\"},\"sameAs\":[\"https:\/\/www.facebook.com\/durabopolska\/\"]}]}<\/script>\n<!-- \/ Yoast SEO plugin. -->","yoast_head_json":{"title":"Bluza taktyczna wojskowa - m\u0119ska | DURABO","description":"Bluza taktyczna SUPER MAC V jako taktyczna m\u0119ska bluza wojskowa zosta\u0142a stworzona z my\u015bl\u0105 o profesjonalistach z najtrwalszych materia\u0142\u00f3w. Wejd\u017a i zobacz!","robots":{"index":"index","follow":"follow","max-snippet":"max-snippet:-1","max-image-preview":"max-image-preview:large","max-video-preview":"max-video-preview:-1"},"canonical":"https:\/\/test.durabo.eu\/en\/blouses-2\/tactical-blouse\/","og_locale":"en_US","og_type":"article","og_title":"Bluza taktyczna wojskowa - m\u0119ska | DURABO","og_description":"Bluza taktyczna SUPER MAC V jako taktyczna m\u0119ska bluza wojskowa zosta\u0142a stworzona z my\u015bl\u0105 o profesjonalistach z najtrwalszych materia\u0142\u00f3w. Wejd\u017a i zobacz!","og_url":"https:\/\/test.durabo.eu\/en\/blouses-2\/tactical-blouse\/","og_site_name":"DURABO","article_publisher":"https:\/\/www.facebook.com\/durabopolska\/","article_modified_time":"2023-07-26T06:20:32+00:00","twitter_card":"summary_large_image","twitter_misc":{"Est. reading time":"4 minutes"},"schema":{"@context":"https:\/\/schema.org","@graph":[{"@type":"WebPage","@id":"https:\/\/test.durabo.eu\/en\/blouses-2\/tactical-blouse\/","url":"https:\/\/test.durabo.eu\/en\/blouses-2\/tactical-blouse\/","name":"Bluza taktyczna wojskowa - m\u0119ska | DURABO","isPartOf":{"@id":"https:\/\/test.durabo.eu\/en\/#website"},"datePublished":"2023-05-30T17:29:28+00:00","dateModified":"2023-07-26T06:20:32+00:00","description":"Bluza taktyczna SUPER MAC V jako taktyczna m\u0119ska bluza wojskowa zosta\u0142a stworzona z my\u015bl\u0105 o profesjonalistach z najtrwalszych materia\u0142\u00f3w. Wejd\u017a i zobacz!","breadcrumb":{"@id":"https:\/\/test.durabo.eu\/en\/blouses-2\/tactical-blouse\/#breadcrumb"},"inLanguage":"en-US","potentialAction":[{"@type":"ReadAction","target":["https:\/\/test.durabo.eu\/en\/blouses-2\/tactical-blouse\/"]}]},{"@type":"BreadcrumbList","@id":"https:\/\/test.durabo.eu\/en\/blouses-2\/tactical-blouse\/#breadcrumb","itemListElement":[{"@type":"ListItem","position":1,"name":"Home","item":"https:\/\/test.durabo.eu\/en\/"},{"@type":"ListItem","position":2,"name":"Blouses","item":"https:\/\/test.durabo.eu\/en\/blouses-2\/"},{"@type":"ListItem","position":3,"name":"Tactical blouse"}]},{"@type":"WebSite","@id":"https:\/\/test.durabo.eu\/en\/#website","url":"https:\/\/test.durabo.eu\/en\/","name":"DURABO","description":"Odzie\u017c outdoor i taktyczna","publisher":{"@id":"https:\/\/test.durabo.eu\/en\/#organization"},"potentialAction":[{"@type":"SearchAction","target":{"@type":"EntryPoint","urlTemplate":"https:\/\/test.durabo.eu\/en\/?s={search_term_string}"},"query-input":"required name=search_term_string"}],"inLanguage":"en-US"},{"@type":"Organization","@id":"https:\/\/test.durabo.eu\/en\/#organization","name":"DURABO","url":"https:\/\/test.durabo.eu\/en\/","logo":{"@type":"ImageObject","inLanguage":"en-US","@id":"https:\/\/test.durabo.eu\/en\/#\/schema\/logo\/image\/","url":"https:\/\/durabo.eu\/wp-content\/uploads\/2022\/08\/logo-durabo-black.png","contentUrl":"https:\/\/durabo.eu\/wp-content\/uploads\/2022\/08\/logo-durabo-black.png","width":300,"height":59,"caption":"DURABO"},"image":{"@id":"https:\/\/test.durabo.eu\/en\/#\/schema\/logo\/image\/"},"sameAs":["https:\/\/www.facebook.com\/durabopolska\/"]}]}},"_links":{"self":[{"href":"https:\/\/test.durabo.eu\/en\/wp-json\/wp\/v2\/pages\/10345"}],"collection":[{"href":"https:\/\/test.durabo.eu\/en\/wp-json\/wp\/v2\/pages"}],"about":[{"href":"https:\/\/test.durabo.eu\/en\/wp-json\/wp\/v2\/types\/page"}],"author":[{"embeddable":true,"href":"https:\/\/test.durabo.eu\/en\/wp-json\/wp\/v2\/users\/1"}],"replies":[{"embeddable":true,"href":"https:\/\/test.durabo.eu\/en\/wp-json\/wp\/v2\/comments?post=10345"}],"version-history":[{"count":16,"href":"https:\/\/test.durabo.eu\/en\/wp-json\/wp\/v2\/pages\/10345\/revisions"}],"predecessor-version":[{"id":10948,"href":"https:\/\/test.durabo.eu\/en\/wp-json\/wp\/v2\/pages\/10345\/revisions\/10948"}],"up":[{"embeddable":true,"href":"https:\/\/test.durabo.eu\/en\/wp-json\/wp\/v2\/pages\/13060"}],"wp:attachment":[{"href":"https:\/\/test.durabo.eu\/en\/wp-json\/wp\/v2\/media?parent=10345"}],"curies":[{"name":"wp","href":"https:\/\/api.w.org\/{rel}","templated":true}]}}